{"id":303,"date":"2018-01-22T13:38:08","date_gmt":"2018-01-22T12:38:08","guid":{"rendered":"https:\/\/www.arcantide.com\/wp_henson\/conditions-generales-de-vente\/"},"modified":"2018-03-25T14:40:25","modified_gmt":"2018-03-25T12:40:25","slug":"conditions-generales-de-vente","status":"publish","type":"page","link":"https:\/\/www.henson.fr\/en\/conditions-generales-de-vente\/","title":{"rendered":"Terms and Conditions"},"content":{"rendered":"<div class=\"wpb-content-wrapper\"><p>[vc_row][vc_column][vc_column_text]<\/p>\n<header class=\"entry-header\">\n<h1>Terms of Sales<\/h1>\n<ul>\n<li>Article 1: object<\/li>\n<\/ul>\n<p>The general conditions of sale described below detail the rights and obligations of SARL Henson and its customers in connection with the sale of the following wares: wool and other yarns, textile designs and accessories.<br \/>\nAny service performed by the company SARL Henson implies the unreserved acceptance of the buyer to these terms and conditions of sale.<\/p>\n<ul>\n<li>Article 2 Presentation of products<\/li>\n<\/ul>\n<p>The characteristics of the products offered for sale are presented in the relevant section of our site. The photographs do not enter the contractual field. The liability of SARL Henson can not be held if errors have occurred. All the texts and images presented on the site of the company SARL Henson are reserved, for the whole world, under the rights of author and intellectual property; their reproduction, even partial, is strictly forbidden.<\/p>\n<ul>\n<li>Article 3 Period of validity of the offers of sale<\/li>\n<\/ul>\n<p>The products are offered for sale until the stock is exhausted. In case of order of a product become unavailable, the customer will be informed of this unavailability, as soon as possible, by email or by post.<\/p>\n<ul>\n<li>Article 4 Product prices<\/li>\n<\/ul>\n<p>The online shop of our site indicates the prices in euros all taxes included, except shipping costs. The amount of VAT is specified when selecting a product by the customer and shipping costs appear on the screen at the end of the selection of different products by the customer.<br \/>\nSARL Henson reserves the right to change prices at any time but the products ordered are billed at the price in effect at the time of registration of the order.<br \/>\nThe proposed rates include rebates and rebates that SARL Henson would be required to grant based on its results or the assumption by the purchaser of certain services.<\/p>\n<p>No discount will be granted in case of advance payment.<\/p>\n<ul>\n<li>Article 5 Order<\/li>\n<\/ul>\n<p>The customer validates his order when he activates the link &#8220;Validate the order&#8221; at the bottom of the page &#8220;Summary of your order&#8221; after having accepted these conditions of sale. Before this validation, it is systematically proposed to the customer to check each element of his order; he can thus correct his possible errors.<br \/>\nSARL Henson confirms the order by e-mail; this information includes all the elements of the order and the right of withdrawal of the customer.<\/p>\n<p>The data recorded by SARL Henson constitute proof of the nature, content and date of the order. This one is archived by the company SARL Henson under the conditions and the legal deadlines; the customer can access this archive by contacting the Customer Relations department via the contact form.<\/p>\n<ul>\n<li>Article 6 Methods of payment<\/li>\n<\/ul>\n<p>Payment of orders is by credit card.<br \/>\nWhen registering the order, the buyer must pay the full amount of the order.<\/p>\n<ul>\n<li>Article 7 Withdrawal period<\/li>\n<\/ul>\n<p>The Purchaser has a period of fourteen clear days, from the receipt of the products, to exercise his right of withdrawal without having to justify reasons or to pay penalties, with the exception, if necessary, expenses back. If the fourteen day period expires on a Saturday, Sunday or a holiday or holiday, it is extended until the next business day.<br \/>\nIn case of exercise of the right of withdrawal, the company shall reimburse the Buyer for all amounts paid, as soon as possible and at the latest within fourteen days of the date on which this right was exercised.<\/p>\n<ul>\n<li>Article 8 Late payment (clause applicable to professionals)<\/li>\n<\/ul>\n<p>In the event of total or partial non-payment of the goods delivered on the day of receipt, the buyer must pay to the company SARL Henson a penalty of delay equal to one and a half times the rate of the legal interest.<br \/>\nThe legal interest rate used is that in force on the day of delivery of the goods.<\/p>\n<p>This penalty is calculated on the amount before taxes of the sum remaining due, and runs from the date of expiry of the price without any prior notice being required.<\/p>\n<p>In accordance with articles 441-6 c. com. and D. 441-5 c. com., any late payment entails, in addition to late penalties, an obligation for the debtor to pay a fixed compensation of 40 \u20ac for recovery costs.<\/p>\n<p>Supplementary compensation may be claimed, on receipts, when the recovery costs incurred exceed the amount of the lump sum indemnity.<\/p>\n<\/header>\n<div class=\"entry-content\">\n<ul>\n<li>Article 9 Delivery<\/li>\n<\/ul>\n<p>All products are delivered without guarantee as to the delays, except for the deliveries to the private individuals. The delivery deadline varies according to their address. It is fixed for an address in mainland France, the day of payment + 8 days and, for other destinations, the day of payment + 1 month.<\/p>\n<ul>\n<li>Article 10 Customer Relations &#8211; After Sales Service<\/li>\n<\/ul>\n<p>For any information, question or complaint, the customer can contact the Customer Relations Department of SARL Henson via our <a href=\"https:\/\/www.arcantide.fr\/contact\/?lang=en\">contact form<\/a>.<\/p>\n<\/div>\n<p>[\/vc_column_text][\/vc_column][\/vc_row]<\/p>\n<\/div>","protected":false},"excerpt":{"rendered":"<p>[vc_row][vc_column][vc_column_text] Terms of Sales Article 1: object The general conditions of sale described below detail the rights and obligations of SARL Henson and its customers in connection with the sale of the following wares: wool and other yarns, textile designs and accessories. Any service performed by the company SARL Henson implies the unreserved acceptance of<\/p>\n","protected":false},"author":1,"featured_media":0,"parent":0,"menu_order":0,"comment_status":"closed","ping_status":"closed","template":"","meta":{"jetpack_post_was_ever_published":false,"footnotes":""},"class_list":["post-303","page","type-page","status-publish","hentry"],"yoast_head":"<!-- This site is optimized with the Yoast SEO plugin v27.5 - https:\/\/yoast.com\/product\/yoast-seo-wordpress\/ -->\n<title>Terms and Conditions | Espaces \u00c9questres Henson<\/title>\n<meta name=\"description\" content=\"Les conditions g\u00e9n\u00e9rales de vente de la boutique en ligne des Espaces \u00c9questres Henson sont \u00e0 consulter sur cette page...\" \/>\n<meta name=\"robots\" content=\"index, follow, max-snippet:-1, max-image-preview:large, max-video-preview:-1\" \/>\n<link rel=\"canonical\" href=\"https:\/\/www.henson.fr\/en\/conditions-generales-de-vente\/\" \/>\n<meta property=\"og:locale\" content=\"en_US\" \/>\n<meta property=\"og:type\" content=\"article\" \/>\n<meta property=\"og:title\" content=\"Terms and Conditions | Espaces \u00c9questres Henson\" \/>\n<meta property=\"og:description\" content=\"Les conditions g\u00e9n\u00e9rales de vente de la boutique en ligne des Espaces \u00c9questres Henson sont \u00e0 consulter sur cette page...\" \/>\n<meta property=\"og:url\" content=\"https:\/\/www.henson.fr\/en\/conditions-generales-de-vente\/\" \/>\n<meta property=\"og:site_name\" content=\"Espaces \u00c9questres Henson\" \/>\n<meta property=\"article:publisher\" content=\"https:\/\/www.facebook.com\/EspacesEquestresHenson\/\" \/>\n<meta property=\"article:modified_time\" content=\"2018-03-25T12:40:25+00:00\" \/>\n<meta property=\"og:image\" content=\"https:\/\/www.henson.fr\/wp-content\/uploads\/2018\/01\/FLO1030bis.jpg\" \/>\n\t<meta property=\"og:image:width\" content=\"2128\" \/>\n\t<meta property=\"og:image:height\" content=\"1087\" \/>\n\t<meta property=\"og:image:type\" content=\"image\/jpeg\" \/>\n<meta name=\"twitter:card\" content=\"summary_large_image\" \/>\n<meta name=\"twitter:site\" content=\"@Espace_Henson\" \/>\n<meta name=\"twitter:label1\" content=\"Est. reading time\" \/>\n\t<meta name=\"twitter:data1\" content=\"4 minutes\" \/>\n<script type=\"application\/ld+json\" class=\"yoast-schema-graph\">{\"@context\":\"https:\\\/\\\/schema.org\",\"@graph\":[{\"@type\":\"WebPage\",\"@id\":\"https:\\\/\\\/www.henson.fr\\\/en\\\/conditions-generales-de-vente\\\/\",\"url\":\"https:\\\/\\\/www.henson.fr\\\/en\\\/conditions-generales-de-vente\\\/\",\"name\":\"Terms and Conditions | Espaces \u00c9questres Henson\",\"isPartOf\":{\"@id\":\"https:\\\/\\\/www.henson.fr\\\/en\\\/#website\"},\"datePublished\":\"2018-01-22T12:38:08+00:00\",\"dateModified\":\"2018-03-25T12:40:25+00:00\",\"description\":\"Les conditions g\u00e9n\u00e9rales de vente de la boutique en ligne des Espaces \u00c9questres Henson sont \u00e0 consulter sur cette page...\",\"breadcrumb\":{\"@id\":\"https:\\\/\\\/www.henson.fr\\\/en\\\/conditions-generales-de-vente\\\/#breadcrumb\"},\"inLanguage\":\"en-US\",\"potentialAction\":[{\"@type\":\"ReadAction\",\"target\":[\"https:\\\/\\\/www.henson.fr\\\/en\\\/conditions-generales-de-vente\\\/\"]}]},{\"@type\":\"BreadcrumbList\",\"@id\":\"https:\\\/\\\/www.henson.fr\\\/en\\\/conditions-generales-de-vente\\\/#breadcrumb\",\"itemListElement\":[{\"@type\":\"ListItem\",\"position\":1,\"name\":\"Accueil\",\"item\":\"https:\\\/\\\/www.henson.fr\\\/en\\\/\"},{\"@type\":\"ListItem\",\"position\":2,\"name\":\"Terms and Conditions\"}]},{\"@type\":\"WebSite\",\"@id\":\"https:\\\/\\\/www.henson.fr\\\/en\\\/#website\",\"url\":\"https:\\\/\\\/www.henson.fr\\\/en\\\/\",\"name\":\"Espaces \u00c9questres Henson\",\"description\":\"Welcome to the Henson Land !\",\"publisher\":{\"@id\":\"https:\\\/\\\/www.henson.fr\\\/en\\\/#organization\"},\"potentialAction\":[{\"@type\":\"SearchAction\",\"target\":{\"@type\":\"EntryPoint\",\"urlTemplate\":\"https:\\\/\\\/www.henson.fr\\\/en\\\/?s={search_term_string}\"},\"query-input\":{\"@type\":\"PropertyValueSpecification\",\"valueRequired\":true,\"valueName\":\"search_term_string\"}}],\"inLanguage\":\"en-US\"},{\"@type\":\"Organization\",\"@id\":\"https:\\\/\\\/www.henson.fr\\\/en\\\/#organization\",\"name\":\"SARL Henson\",\"alternateName\":\"Les Espaces \u00c9questres Henson\",\"url\":\"https:\\\/\\\/www.henson.fr\\\/en\\\/\",\"logo\":{\"@type\":\"ImageObject\",\"inLanguage\":\"en-US\",\"@id\":\"https:\\\/\\\/www.henson.fr\\\/en\\\/#\\\/schema\\\/logo\\\/image\\\/\",\"url\":\"https:\\\/\\\/www.henson.fr\\\/wp-content\\\/uploads\\\/2022\\\/04\\\/logo_ee_henson_facture.jpg\",\"contentUrl\":\"https:\\\/\\\/www.henson.fr\\\/wp-content\\\/uploads\\\/2022\\\/04\\\/logo_ee_henson_facture.jpg\",\"width\":197,\"height\":68,\"caption\":\"SARL Henson\"},\"image\":{\"@id\":\"https:\\\/\\\/www.henson.fr\\\/en\\\/#\\\/schema\\\/logo\\\/image\\\/\"},\"sameAs\":[\"https:\\\/\\\/www.facebook.com\\\/EspacesEquestresHenson\\\/\",\"https:\\\/\\\/x.com\\\/Espace_Henson\",\"https:\\\/\\\/www.instagram.com\\\/eehenson\\\/\",\"https:\\\/\\\/www.youtube.com\\\/channel\\\/UC4uxtyqkOtSWwurCQd2YAZw\"]}]}<\/script>\n<!-- \/ Yoast SEO plugin. -->","yoast_head_json":{"title":"Terms and Conditions | Espaces \u00c9questres Henson","description":"Les conditions g\u00e9n\u00e9rales de vente de la boutique en ligne des Espaces \u00c9questres Henson sont \u00e0 consulter sur cette page...","robots":{"index":"index","follow":"follow","max-snippet":"max-snippet:-1","max-image-preview":"max-image-preview:large","max-video-preview":"max-video-preview:-1"},"canonical":"https:\/\/www.henson.fr\/en\/conditions-generales-de-vente\/","og_locale":"en_US","og_type":"article","og_title":"Terms and Conditions | Espaces \u00c9questres Henson","og_description":"Les conditions g\u00e9n\u00e9rales de vente de la boutique en ligne des Espaces \u00c9questres Henson sont \u00e0 consulter sur cette page...","og_url":"https:\/\/www.henson.fr\/en\/conditions-generales-de-vente\/","og_site_name":"Espaces \u00c9questres Henson","article_publisher":"https:\/\/www.facebook.com\/EspacesEquestresHenson\/","article_modified_time":"2018-03-25T12:40:25+00:00","og_image":[{"width":2128,"height":1087,"url":"https:\/\/www.henson.fr\/wp-content\/uploads\/2018\/01\/FLO1030bis.jpg","type":"image\/jpeg"}],"twitter_card":"summary_large_image","twitter_site":"@Espace_Henson","twitter_misc":{"Est. reading time":"4 minutes"},"schema":{"@context":"https:\/\/schema.org","@graph":[{"@type":"WebPage","@id":"https:\/\/www.henson.fr\/en\/conditions-generales-de-vente\/","url":"https:\/\/www.henson.fr\/en\/conditions-generales-de-vente\/","name":"Terms and Conditions | Espaces \u00c9questres Henson","isPartOf":{"@id":"https:\/\/www.henson.fr\/en\/#website"},"datePublished":"2018-01-22T12:38:08+00:00","dateModified":"2018-03-25T12:40:25+00:00","description":"Les conditions g\u00e9n\u00e9rales de vente de la boutique en ligne des Espaces \u00c9questres Henson sont \u00e0 consulter sur cette page...","breadcrumb":{"@id":"https:\/\/www.henson.fr\/en\/conditions-generales-de-vente\/#breadcrumb"},"inLanguage":"en-US","potentialAction":[{"@type":"ReadAction","target":["https:\/\/www.henson.fr\/en\/conditions-generales-de-vente\/"]}]},{"@type":"BreadcrumbList","@id":"https:\/\/www.henson.fr\/en\/conditions-generales-de-vente\/#breadcrumb","itemListElement":[{"@type":"ListItem","position":1,"name":"Accueil","item":"https:\/\/www.henson.fr\/en\/"},{"@type":"ListItem","position":2,"name":"Terms and Conditions"}]},{"@type":"WebSite","@id":"https:\/\/www.henson.fr\/en\/#website","url":"https:\/\/www.henson.fr\/en\/","name":"Espaces \u00c9questres Henson","description":"Welcome to the Henson Land !","publisher":{"@id":"https:\/\/www.henson.fr\/en\/#organization"},"potentialAction":[{"@type":"SearchAction","target":{"@type":"EntryPoint","urlTemplate":"https:\/\/www.henson.fr\/en\/?s={search_term_string}"},"query-input":{"@type":"PropertyValueSpecification","valueRequired":true,"valueName":"search_term_string"}}],"inLanguage":"en-US"},{"@type":"Organization","@id":"https:\/\/www.henson.fr\/en\/#organization","name":"SARL Henson","alternateName":"Les Espaces \u00c9questres Henson","url":"https:\/\/www.henson.fr\/en\/","logo":{"@type":"ImageObject","inLanguage":"en-US","@id":"https:\/\/www.henson.fr\/en\/#\/schema\/logo\/image\/","url":"https:\/\/www.henson.fr\/wp-content\/uploads\/2022\/04\/logo_ee_henson_facture.jpg","contentUrl":"https:\/\/www.henson.fr\/wp-content\/uploads\/2022\/04\/logo_ee_henson_facture.jpg","width":197,"height":68,"caption":"SARL Henson"},"image":{"@id":"https:\/\/www.henson.fr\/en\/#\/schema\/logo\/image\/"},"sameAs":["https:\/\/www.facebook.com\/EspacesEquestresHenson\/","https:\/\/x.com\/Espace_Henson","https:\/\/www.instagram.com\/eehenson\/","https:\/\/www.youtube.com\/channel\/UC4uxtyqkOtSWwurCQd2YAZw"]}]}},"jetpack_sharing_enabled":true,"_links":{"self":[{"href":"https:\/\/www.henson.fr\/en\/wp-json\/wp\/v2\/pages\/303","targetHints":{"allow":["GET"]}}],"collection":[{"href":"https:\/\/www.henson.fr\/en\/wp-json\/wp\/v2\/pages"}],"about":[{"href":"https:\/\/www.henson.fr\/en\/wp-json\/wp\/v2\/types\/page"}],"author":[{"embeddable":true,"href":"https:\/\/www.henson.fr\/en\/wp-json\/wp\/v2\/users\/1"}],"replies":[{"embeddable":true,"href":"https:\/\/www.henson.fr\/en\/wp-json\/wp\/v2\/comments?post=303"}],"version-history":[{"count":0,"href":"https:\/\/www.henson.fr\/en\/wp-json\/wp\/v2\/pages\/303\/revisions"}],"wp:attachment":[{"href":"https:\/\/www.henson.fr\/en\/wp-json\/wp\/v2\/media?parent=303"}],"curies":[{"name":"wp","href":"https:\/\/api.w.org\/{rel}","templated":true}]}}