{"id":106449,"date":"2023-02-05T15:34:18","date_gmt":"2023-02-05T14:34:18","guid":{"rendered":"https:\/\/www.henson.fr\/produit\/compiegne-ride-in-laigue-forest\/"},"modified":"2023-07-10T12:00:07","modified_gmt":"2023-07-10T10:00:07","slug":"compiegne-ride-in-laigue-forest","status":"publish","type":"product","link":"https:\/\/www.henson.fr\/en\/product\/compiegne-ride-in-laigue-forest\/","title":{"rendered":"Compi\u00e8gne | Ride in Laigue Forest"},"content":{"rendered":"<p><strong>Date: Tuesday, August 15, 2023<\/strong><\/p>\n<p>The adventure continues beyond the limits of the Compi\u00e8gne Forest! Passing along a towpath, we cross the Aisne (a tributary of the Oise) and we set off to attack the reliefs of the Laigue forest. Picnic when hunger strikes!<\/p>\n<p><span style=\"text-decoration: underline;\">Conditions:<\/span><\/p>\n<p>Duration: Day from 9 a.m. to 5 p.m.<br \/>\nConfirmed riders (gallop level 3 minimum)<br \/>\nPlan a transportable picnic on horseback<\/p>\n","protected":false},"excerpt":{"rendered":"<p><strong>Date: Tuesday, August 15, 2023<\/strong><\/p>\n<p>&nbsp;<\/p>\n<p>The adventure continues beyond the limits of the Compi\u00e8gne Forest! Passing along a towpath, we cross the Aisne (a tributary of the Oise) and we set off to attack the reliefs of the Laigue forest. Picnic when hunger strikes!<\/p>\n<p>&nbsp;<\/p>\n<p><span style=\"text-decoration: underline;\">Conditions:<\/span><\/p>\n<p>&nbsp;<\/p>\n<p>Duration: Day from 9 a.m. to 5 p.m.<br \/>\nConfirmed riders (gallop level 3 minimum)<br \/>\nPlan a transportable picnic on horseback<\/p>\n","protected":false},"featured_media":115462,"comment_status":"open","ping_status":"closed","template":"","meta":{"jetpack_post_was_ever_published":false},"product_brand":[],"product_cat":[162,496],"product_tag":[486,171,512,169,41,488],"giftcard-category":[],"class_list":{"0":"post-106449","1":"product","2":"type-product","3":"status-publish","4":"has-post-thumbnail","6":"product_cat-special-offers","7":"product_cat-special-offers-henson-compiegne","8":"product_tag-compiegne-en","9":"product_tag-experienced-riders","10":"product_tag-henson-equestrian-center-compiegne","11":"product_tag-horse-riding-en","12":"product_tag-horse-riding","13":"product_tag-special-offers-en","15":"first","16":"instock","17":"virtual","18":"sold-individually","19":"taxable","20":"purchasable","21":"product-type-booking"},"booking_location":"","booking_location_type":"","booking_duration":8,"booking_duration_unit":"hour","booking_buffer":0,"booking_cost":0,"booking_resources":[],"yoast_head":"<!-- This site is optimized with the Yoast SEO plugin v27.5 - https:\/\/yoast.com\/product\/yoast-seo-wordpress\/ -->\n<title>Compi\u00e8gne | Ride in Laigue Forest | Espaces \u00c9questres Henson<\/title>\n<meta name=\"description\" content=\"The adventure continues beyond the limits of the Forest of Compi\u00e8gne! Passing along a towpath, we cross the Aisne (a tributary of the Oise) and we set off to attack the reliefs of the Laigue forest. Picnic when hunger strikes!\" \/>\n<meta name=\"robots\" content=\"index, follow, max-snippet:-1, max-image-preview:large, max-video-preview:-1\" \/>\n<link rel=\"canonical\" href=\"https:\/\/www.henson.fr\/en\/product\/compiegne-ride-in-laigue-forest\/\" \/>\n<meta property=\"og:locale\" content=\"en_US\" \/>\n<meta property=\"og:type\" content=\"article\" \/>\n<meta property=\"og:title\" content=\"Compi\u00e8gne | Ride in Laigue Forest | Espaces \u00c9questres Henson\" \/>\n<meta property=\"og:description\" content=\"The adventure continues beyond the limits of the Forest of Compi\u00e8gne! Passing along a towpath, we cross the Aisne (a tributary of the Oise) and we set off to attack the reliefs of the Laigue forest. Picnic when hunger strikes!\" \/>\n<meta property=\"og:url\" content=\"https:\/\/www.henson.fr\/en\/product\/compiegne-ride-in-laigue-forest\/\" \/>\n<meta property=\"og:site_name\" content=\"Espaces \u00c9questres Henson\" \/>\n<meta property=\"article:publisher\" content=\"https:\/\/www.facebook.com\/EspacesEquestresHenson\/\" \/>\n<meta property=\"article:modified_time\" content=\"2023-07-10T10:00:07+00:00\" \/>\n<meta property=\"og:image\" content=\"https:\/\/www.henson.fr\/wp-content\/uploads\/2023\/02\/L1020465.webp\" \/>\n\t<meta property=\"og:image:width\" content=\"1001\" \/>\n\t<meta property=\"og:image:height\" content=\"1500\" \/>\n\t<meta property=\"og:image:type\" content=\"image\/webp\" \/>\n<meta name=\"twitter:card\" content=\"summary_large_image\" \/>\n<meta name=\"twitter:site\" content=\"@Espace_Henson\" \/>\n<script type=\"application\/ld+json\" class=\"yoast-schema-graph\">{\"@context\":\"https:\\\/\\\/schema.org\",\"@graph\":[{\"@type\":\"WebPage\",\"@id\":\"https:\\\/\\\/www.henson.fr\\\/en\\\/product\\\/compiegne-ride-in-laigue-forest\\\/\",\"url\":\"https:\\\/\\\/www.henson.fr\\\/en\\\/product\\\/compiegne-ride-in-laigue-forest\\\/\",\"name\":\"Compi\u00e8gne | Ride in Laigue Forest | Espaces \u00c9questres Henson\",\"isPartOf\":{\"@id\":\"https:\\\/\\\/www.henson.fr\\\/en\\\/#website\"},\"primaryImageOfPage\":{\"@id\":\"https:\\\/\\\/www.henson.fr\\\/en\\\/product\\\/compiegne-ride-in-laigue-forest\\\/#primaryimage\"},\"image\":{\"@id\":\"https:\\\/\\\/www.henson.fr\\\/en\\\/product\\\/compiegne-ride-in-laigue-forest\\\/#primaryimage\"},\"thumbnailUrl\":\"https:\\\/\\\/www.henson.fr\\\/wp-content\\\/uploads\\\/2023\\\/02\\\/L1020465.webp\",\"datePublished\":\"2023-02-05T14:34:18+00:00\",\"dateModified\":\"2023-07-10T10:00:07+00:00\",\"description\":\"The adventure continues beyond the limits of the Forest of Compi\u00e8gne! Passing along a towpath, we cross the Aisne (a tributary of the Oise) and we set off to attack the reliefs of the Laigue forest. Picnic when hunger strikes!\",\"breadcrumb\":{\"@id\":\"https:\\\/\\\/www.henson.fr\\\/en\\\/product\\\/compiegne-ride-in-laigue-forest\\\/#breadcrumb\"},\"inLanguage\":\"en-US\",\"potentialAction\":[{\"@type\":\"ReadAction\",\"target\":[\"https:\\\/\\\/www.henson.fr\\\/en\\\/product\\\/compiegne-ride-in-laigue-forest\\\/\"]}]},{\"@type\":\"ImageObject\",\"inLanguage\":\"en-US\",\"@id\":\"https:\\\/\\\/www.henson.fr\\\/en\\\/product\\\/compiegne-ride-in-laigue-forest\\\/#primaryimage\",\"url\":\"https:\\\/\\\/www.henson.fr\\\/wp-content\\\/uploads\\\/2023\\\/02\\\/L1020465.webp\",\"contentUrl\":\"https:\\\/\\\/www.henson.fr\\\/wp-content\\\/uploads\\\/2023\\\/02\\\/L1020465.webp\",\"width\":1001,\"height\":1500,\"caption\":\"Horseback riding in the forest at Espace \u00c9questre Henson - Compi\u00e8gne | \u00a9 Arcantide Agency\"},{\"@type\":\"BreadcrumbList\",\"@id\":\"https:\\\/\\\/www.henson.fr\\\/en\\\/product\\\/compiegne-ride-in-laigue-forest\\\/#breadcrumb\",\"itemListElement\":[{\"@type\":\"ListItem\",\"position\":1,\"name\":\"Accueil\",\"item\":\"https:\\\/\\\/www.henson.fr\\\/en\\\/\"},{\"@type\":\"ListItem\",\"position\":2,\"name\":\"Shop\",\"item\":\"https:\\\/\\\/www.henson.fr\\\/our-offers\\\/shop\\\/?lang=en\"},{\"@type\":\"ListItem\",\"position\":3,\"name\":\"Compi\u00e8gne | Ride in Laigue Forest\"}]},{\"@type\":\"WebSite\",\"@id\":\"https:\\\/\\\/www.henson.fr\\\/en\\\/#website\",\"url\":\"https:\\\/\\\/www.henson.fr\\\/en\\\/\",\"name\":\"Espaces \u00c9questres Henson\",\"description\":\"Welcome to the Henson Land !\",\"publisher\":{\"@id\":\"https:\\\/\\\/www.henson.fr\\\/en\\\/#organization\"},\"potentialAction\":[{\"@type\":\"SearchAction\",\"target\":{\"@type\":\"EntryPoint\",\"urlTemplate\":\"https:\\\/\\\/www.henson.fr\\\/en\\\/?s={search_term_string}\"},\"query-input\":{\"@type\":\"PropertyValueSpecification\",\"valueRequired\":true,\"valueName\":\"search_term_string\"}}],\"inLanguage\":\"en-US\"},{\"@type\":\"Organization\",\"@id\":\"https:\\\/\\\/www.henson.fr\\\/en\\\/#organization\",\"name\":\"SARL Henson\",\"alternateName\":\"Les Espaces \u00c9questres Henson\",\"url\":\"https:\\\/\\\/www.henson.fr\\\/en\\\/\",\"logo\":{\"@type\":\"ImageObject\",\"inLanguage\":\"en-US\",\"@id\":\"https:\\\/\\\/www.henson.fr\\\/en\\\/#\\\/schema\\\/logo\\\/image\\\/\",\"url\":\"https:\\\/\\\/www.henson.fr\\\/wp-content\\\/uploads\\\/2022\\\/04\\\/logo_ee_henson_facture.jpg\",\"contentUrl\":\"https:\\\/\\\/www.henson.fr\\\/wp-content\\\/uploads\\\/2022\\\/04\\\/logo_ee_henson_facture.jpg\",\"width\":197,\"height\":68,\"caption\":\"SARL Henson\"},\"image\":{\"@id\":\"https:\\\/\\\/www.henson.fr\\\/en\\\/#\\\/schema\\\/logo\\\/image\\\/\"},\"sameAs\":[\"https:\\\/\\\/www.facebook.com\\\/EspacesEquestresHenson\\\/\",\"https:\\\/\\\/x.com\\\/Espace_Henson\",\"https:\\\/\\\/www.instagram.com\\\/eehenson\\\/\",\"https:\\\/\\\/www.youtube.com\\\/channel\\\/UC4uxtyqkOtSWwurCQd2YAZw\"]}]}<\/script>\n<!-- \/ Yoast SEO plugin. -->","yoast_head_json":{"title":"Compi\u00e8gne | Ride in Laigue Forest | Espaces \u00c9questres Henson","description":"The adventure continues beyond the limits of the Forest of Compi\u00e8gne! Passing along a towpath, we cross the Aisne (a tributary of the Oise) and we set off to attack the reliefs of the Laigue forest. Picnic when hunger strikes!","robots":{"index":"index","follow":"follow","max-snippet":"max-snippet:-1","max-image-preview":"max-image-preview:large","max-video-preview":"max-video-preview:-1"},"canonical":"https:\/\/www.henson.fr\/en\/product\/compiegne-ride-in-laigue-forest\/","og_locale":"en_US","og_type":"article","og_title":"Compi\u00e8gne | Ride in Laigue Forest | Espaces \u00c9questres Henson","og_description":"The adventure continues beyond the limits of the Forest of Compi\u00e8gne! Passing along a towpath, we cross the Aisne (a tributary of the Oise) and we set off to attack the reliefs of the Laigue forest. Picnic when hunger strikes!","og_url":"https:\/\/www.henson.fr\/en\/product\/compiegne-ride-in-laigue-forest\/","og_site_name":"Espaces \u00c9questres Henson","article_publisher":"https:\/\/www.facebook.com\/EspacesEquestresHenson\/","article_modified_time":"2023-07-10T10:00:07+00:00","og_image":[{"width":1001,"height":1500,"url":"https:\/\/www.henson.fr\/wp-content\/uploads\/2023\/02\/L1020465.webp","type":"image\/webp"}],"twitter_card":"summary_large_image","twitter_site":"@Espace_Henson","schema":{"@context":"https:\/\/schema.org","@graph":[{"@type":"WebPage","@id":"https:\/\/www.henson.fr\/en\/product\/compiegne-ride-in-laigue-forest\/","url":"https:\/\/www.henson.fr\/en\/product\/compiegne-ride-in-laigue-forest\/","name":"Compi\u00e8gne | Ride in Laigue Forest | Espaces \u00c9questres Henson","isPartOf":{"@id":"https:\/\/www.henson.fr\/en\/#website"},"primaryImageOfPage":{"@id":"https:\/\/www.henson.fr\/en\/product\/compiegne-ride-in-laigue-forest\/#primaryimage"},"image":{"@id":"https:\/\/www.henson.fr\/en\/product\/compiegne-ride-in-laigue-forest\/#primaryimage"},"thumbnailUrl":"https:\/\/www.henson.fr\/wp-content\/uploads\/2023\/02\/L1020465.webp","datePublished":"2023-02-05T14:34:18+00:00","dateModified":"2023-07-10T10:00:07+00:00","description":"The adventure continues beyond the limits of the Forest of Compi\u00e8gne! Passing along a towpath, we cross the Aisne (a tributary of the Oise) and we set off to attack the reliefs of the Laigue forest. Picnic when hunger strikes!","breadcrumb":{"@id":"https:\/\/www.henson.fr\/en\/product\/compiegne-ride-in-laigue-forest\/#breadcrumb"},"inLanguage":"en-US","potentialAction":[{"@type":"ReadAction","target":["https:\/\/www.henson.fr\/en\/product\/compiegne-ride-in-laigue-forest\/"]}]},{"@type":"ImageObject","inLanguage":"en-US","@id":"https:\/\/www.henson.fr\/en\/product\/compiegne-ride-in-laigue-forest\/#primaryimage","url":"https:\/\/www.henson.fr\/wp-content\/uploads\/2023\/02\/L1020465.webp","contentUrl":"https:\/\/www.henson.fr\/wp-content\/uploads\/2023\/02\/L1020465.webp","width":1001,"height":1500,"caption":"Horseback riding in the forest at Espace \u00c9questre Henson - Compi\u00e8gne | \u00a9 Arcantide Agency"},{"@type":"BreadcrumbList","@id":"https:\/\/www.henson.fr\/en\/product\/compiegne-ride-in-laigue-forest\/#breadcrumb","itemListElement":[{"@type":"ListItem","position":1,"name":"Accueil","item":"https:\/\/www.henson.fr\/en\/"},{"@type":"ListItem","position":2,"name":"Shop","item":"https:\/\/www.henson.fr\/our-offers\/shop\/?lang=en"},{"@type":"ListItem","position":3,"name":"Compi\u00e8gne | Ride in Laigue Forest"}]},{"@type":"WebSite","@id":"https:\/\/www.henson.fr\/en\/#website","url":"https:\/\/www.henson.fr\/en\/","name":"Espaces \u00c9questres Henson","description":"Welcome to the Henson Land !","publisher":{"@id":"https:\/\/www.henson.fr\/en\/#organization"},"potentialAction":[{"@type":"SearchAction","target":{"@type":"EntryPoint","urlTemplate":"https:\/\/www.henson.fr\/en\/?s={search_term_string}"},"query-input":{"@type":"PropertyValueSpecification","valueRequired":true,"valueName":"search_term_string"}}],"inLanguage":"en-US"},{"@type":"Organization","@id":"https:\/\/www.henson.fr\/en\/#organization","name":"SARL Henson","alternateName":"Les Espaces \u00c9questres Henson","url":"https:\/\/www.henson.fr\/en\/","logo":{"@type":"ImageObject","inLanguage":"en-US","@id":"https:\/\/www.henson.fr\/en\/#\/schema\/logo\/image\/","url":"https:\/\/www.henson.fr\/wp-content\/uploads\/2022\/04\/logo_ee_henson_facture.jpg","contentUrl":"https:\/\/www.henson.fr\/wp-content\/uploads\/2022\/04\/logo_ee_henson_facture.jpg","width":197,"height":68,"caption":"SARL Henson"},"image":{"@id":"https:\/\/www.henson.fr\/en\/#\/schema\/logo\/image\/"},"sameAs":["https:\/\/www.facebook.com\/EspacesEquestresHenson\/","https:\/\/x.com\/Espace_Henson","https:\/\/www.instagram.com\/eehenson\/","https:\/\/www.youtube.com\/channel\/UC4uxtyqkOtSWwurCQd2YAZw"]}]}},"jetpack_sharing_enabled":true,"_links":{"self":[{"href":"https:\/\/www.henson.fr\/en\/wp-json\/wp\/v2\/product\/106449","targetHints":{"allow":["GET"]}}],"collection":[{"href":"https:\/\/www.henson.fr\/en\/wp-json\/wp\/v2\/product"}],"about":[{"href":"https:\/\/www.henson.fr\/en\/wp-json\/wp\/v2\/types\/product"}],"replies":[{"embeddable":true,"href":"https:\/\/www.henson.fr\/en\/wp-json\/wp\/v2\/comments?post=106449"}],"wp:featuredmedia":[{"embeddable":true,"href":"https:\/\/www.henson.fr\/en\/wp-json\/wp\/v2\/media\/115462"}],"wp:attachment":[{"href":"https:\/\/www.henson.fr\/en\/wp-json\/wp\/v2\/media?parent=106449"}],"wp:term":[{"taxonomy":"product_brand","embeddable":true,"href":"https:\/\/www.henson.fr\/en\/wp-json\/wp\/v2\/product_brand?post=106449"},{"taxonomy":"product_cat","embeddable":true,"href":"https:\/\/www.henson.fr\/en\/wp-json\/wp\/v2\/product_cat?post=106449"},{"taxonomy":"product_tag","embeddable":true,"href":"https:\/\/www.henson.fr\/en\/wp-json\/wp\/v2\/product_tag?post=106449"},{"taxonomy":"giftcard-category","embeddable":true,"href":"https:\/\/www.henson.fr\/en\/wp-json\/wp\/v2\/giftcard-category?post=106449"}],"curies":[{"name":"wp","href":"https:\/\/api.w.org\/{rel}","templated":true}]}}