{"id":140181,"date":"2024-02-17T12:31:13","date_gmt":"2024-02-17T11:31:13","guid":{"rendered":"https:\/\/www.henson.fr\/?post_type=product&#038;p=140181"},"modified":"2025-07-19T14:57:53","modified_gmt":"2025-07-19T12:57:53","slug":"haras-henson-visite-guidee-delevage-en-groupe","status":"publish","type":"product","link":"https:\/\/www.henson.fr\/en\/product\/haras-henson-visite-guidee-delevage-en-groupe\/","title":{"rendered":"Haras-Henson | Visite guid\u00e9e d&#8217;\u00e9levage en groupe"},"content":{"rendered":"<div id=\"description\"><\/div>\n<p>Cette exp\u00e9rience d\u2019une demie-journ\u00e9e (ajust\u00e9e selon mesure de vos disponibilit\u00e9s) vous emm\u00e8nera au c\u0153ur du principal \u00e9levage de chevaux Henson en Baie de Somme. Vous y apprendrez tout ce qui fait la renomm\u00e9e des chevaux Henson, leurs caract\u00e9ristiques, leurs aptitudes, leur polyvalence, leur rusticit\u00e9 et leur histoire originale. Tout ce qui a permis leur reconnaissance nationale en 2003 comme 44\u00e8me race \u00e9quine fran\u00e7aise. Nous vous expliquerons comment est conduit notre \u00e9levage en milieu naturel en vue de la reproduction, les crit\u00e8res s\u00e9lection, l\u2019organisation des troupeaux, les rythmes saisonniers, les perspectives d\u2019avenir. Le tout dans le site exceptionnel des marais arri\u00e8re-littoraux du Marquenterre. Sp\u00e9cialement conseill\u00e9 pour les groupes \u00e0 vocation p\u00e9dagogique, les visites et s\u00e9minaires \u00e0 th\u00e8me ou encore les candidats \u00e0 l\u2019acquisition d\u2019un cheval Henson.<\/p>\n<p>Experience d\u2019une dur\u00e9e id\u00e9ale de 3 heures (possibilit\u00e9 d\u2019ajustement selon vos disponibilit\u00e9s mais comptez 2 heures minimum), comprenant accueil, visite du site et des troupeaux, pr\u00e9sentation de sujets (poulini\u00e8re suit\u00e9e, \u00e9talon, etc..) et explication du contexte agro-environnemental de l\u2019exploitation. Conseils en cas de d\u00e9marche d\u2019acquisition.<\/p>\n<p><span style=\"text-decoration: underline;\">Tarifs &amp; Conditions:<\/span><\/p>\n<p>\u00c0 partir de 12\u20ac TTC par personne pour groupes de 20 personnes ou plus.<br \/>\nUniquement sur r\u00e9servation.<\/p>\n<p><span style=\"text-decoration: underline;\">Nous proposons \u00e9galement<\/span>:<\/p>\n<ul>\n<li>Une possibilit\u00e9 de privatisation pour groupes de 2 \u00e0 19 personnes selon forfait de 230\u20ac TTC \u00a0| <a href=\"https:\/\/www.henson.fr\/en\/product\/haras-henson-visite-guidee-delevage-privatisee\/\">D\u00e9couvrir l&#8217;offre<\/a><\/li>\n<li>Une offre sp\u00e9ciale pour particuliers regroup\u00e9s sur des dates d\u00e9finies avec un minimum de 8 personnes (30\u20ac TTC par personne) | <a href=\"https:\/\/www.henson.fr\/en\/product\/haras-henson-visite-guidee-delevage\/\">D\u00e9couvrir l&#8217;offre<\/a><\/li>\n<\/ul>\n","protected":false},"excerpt":{"rendered":"<p>Cette exp\u00e9rience d\u2019une demie-journ\u00e9e (ajust\u00e9e selon mesure de vos disponibilit\u00e9s) vous emm\u00e8nera au c\u0153ur du principal \u00e9levage de chevaux Henson en Baie de Somme. Vous y apprendrez tout ce qui fait la renomm\u00e9e des chevaux Henson, leurs caract\u00e9ristiques, leurs aptitudes, leur polyvalence, leur rusticit\u00e9 et leur histoire originale. Le tout dans le site exceptionnel des marais arri\u00e8re-littoraux du Marquenterre. Sp\u00e9cialement conseill\u00e9 pour les groupes \u00e0 vocation p\u00e9dagogique, les visites et s\u00e9minaires \u00e0 th\u00e8me ou encore les candidats \u00e0 l\u2019acquisition d\u2019un cheval Henson.<\/p>\n<p>&nbsp;<\/p>\n<p><span style=\"text-decoration: underline;\">Tarifs &amp; Conditions:<\/span><\/p>\n<p>\u00c0 partir de 12\u20ac TTC par personne pour des groupes de 20 personnes ou plus.<br \/>\nUniquement sur r\u00e9servation.<br \/>\nDur\u00e9e id\u00e9ale de 3h (possibilit\u00e9 d&#8217;ajustements)<\/p>\n<p>&nbsp;<\/p>\n<p>Nous proposons des variantes de cette prestation \u00e0 retrouver <a href=\"#description\">au bas de la page<\/a>.<\/p>\n","protected":false},"featured_media":140184,"comment_status":"open","ping_status":"closed","template":"","meta":{"jetpack_post_was_ever_published":false},"product_brand":[],"product_cat":[637,133,96],"product_tag":[104,243,117,267,165,99,628,118,601,265,627],"giftcard-category":[],"class_list":{"0":"post-140181","1":"product","2":"type-product","3":"status-publish","4":"has-post-thumbnail","6":"product_cat-haras-henson-visites-guidees","7":"product_cat-haras-henson","8":"product_cat-offres-classiques","9":"product_tag-baie-de-somme","10":"product_tag-elevage","11":"product_tag-haras-henson","12":"product_tag-hauts-de-france","13":"product_tag-nature","14":"product_tag-offres-classiques","15":"product_tag-picardie","16":"product_tag-rue","17":"product_tag-somme","18":"product_tag-visite-delevage","19":"product_tag-visite-guidee","21":"first","22":"instock","23":"virtual","24":"sold-individually","25":"taxable","26":"purchasable","27":"product-type-booking"},"booking_location":"","booking_location_type":"","booking_duration":3,"booking_duration_unit":"hour","booking_buffer":0,"booking_cost":0,"booking_resources":[],"yoast_head":"<!-- This site is optimized with the Yoast SEO plugin v27.4 - https:\/\/yoast.com\/product\/yoast-seo-wordpress\/ -->\n<title>Haras-Henson | Visite guid\u00e9e d&#039;\u00e9levage en groupe | Espaces \u00c9questres Henson<\/title>\n<meta name=\"description\" content=\"Une visite guid\u00e9e et personnalis\u00e9e au Haras-Henson qui vous emm\u00e8nera au c\u0153ur du principal \u00e9levage de chevaux Henson en Baie de Somme.\" \/>\n<meta name=\"robots\" content=\"index, follow, max-snippet:-1, max-image-preview:large, max-video-preview:-1\" \/>\n<link rel=\"canonical\" href=\"https:\/\/www.henson.fr\/en\/product\/haras-henson-visite-guidee-delevage-en-groupe\/\" \/>\n<meta property=\"og:locale\" content=\"en_US\" \/>\n<meta property=\"og:type\" content=\"article\" \/>\n<meta property=\"og:title\" content=\"Haras-Henson | Visite guid\u00e9e d&#039;\u00e9levage en groupe | Espaces \u00c9questres Henson\" \/>\n<meta property=\"og:description\" content=\"Une visite guid\u00e9e et personnalis\u00e9e au Haras-Henson qui vous emm\u00e8nera au c\u0153ur du principal \u00e9levage de chevaux Henson en Baie de Somme.\" \/>\n<meta property=\"og:url\" content=\"https:\/\/www.henson.fr\/en\/product\/haras-henson-visite-guidee-delevage-en-groupe\/\" \/>\n<meta property=\"og:site_name\" content=\"Espaces \u00c9questres Henson\" \/>\n<meta property=\"article:publisher\" content=\"https:\/\/www.facebook.com\/EspacesEquestresHenson\/\" \/>\n<meta property=\"article:modified_time\" content=\"2025-07-19T12:57:53+00:00\" \/>\n<meta property=\"og:image\" content=\"https:\/\/www.henson.fr\/wp-content\/uploads\/2024\/02\/ARC_0866.webp\" \/>\n\t<meta property=\"og:image:width\" content=\"1000\" \/>\n\t<meta property=\"og:image:height\" content=\"1500\" \/>\n\t<meta property=\"og:image:type\" content=\"image\/webp\" \/>\n<meta name=\"twitter:card\" content=\"summary_large_image\" \/>\n<meta name=\"twitter:site\" content=\"@Espace_Henson\" \/>\n<meta name=\"twitter:label1\" content=\"Est. reading time\" \/>\n\t<meta name=\"twitter:data1\" content=\"2 minutes\" \/>\n<script type=\"application\/ld+json\" class=\"yoast-schema-graph\">{\"@context\":\"https:\\\/\\\/schema.org\",\"@graph\":[{\"@type\":\"WebPage\",\"@id\":\"https:\\\/\\\/www.henson.fr\\\/en\\\/product\\\/haras-henson-visite-guidee-delevage-en-groupe\\\/\",\"url\":\"https:\\\/\\\/www.henson.fr\\\/en\\\/product\\\/haras-henson-visite-guidee-delevage-en-groupe\\\/\",\"name\":\"Haras-Henson | Visite guid\u00e9e d'\u00e9levage en groupe | Espaces \u00c9questres Henson\",\"isPartOf\":{\"@id\":\"https:\\\/\\\/www.henson.fr\\\/en\\\/#website\"},\"primaryImageOfPage\":{\"@id\":\"https:\\\/\\\/www.henson.fr\\\/en\\\/product\\\/haras-henson-visite-guidee-delevage-en-groupe\\\/#primaryimage\"},\"image\":{\"@id\":\"https:\\\/\\\/www.henson.fr\\\/en\\\/product\\\/haras-henson-visite-guidee-delevage-en-groupe\\\/#primaryimage\"},\"thumbnailUrl\":\"https:\\\/\\\/www.henson.fr\\\/wp-content\\\/uploads\\\/2024\\\/02\\\/ARC_0866.webp\",\"datePublished\":\"2024-02-17T11:31:13+00:00\",\"dateModified\":\"2025-07-19T12:57:53+00:00\",\"description\":\"Une visite guid\u00e9e et personnalis\u00e9e au Haras-Henson qui vous emm\u00e8nera au c\u0153ur du principal \u00e9levage de chevaux Henson en Baie de Somme.\",\"breadcrumb\":{\"@id\":\"https:\\\/\\\/www.henson.fr\\\/en\\\/product\\\/haras-henson-visite-guidee-delevage-en-groupe\\\/#breadcrumb\"},\"inLanguage\":\"en-US\",\"potentialAction\":[{\"@type\":\"ReadAction\",\"target\":[\"https:\\\/\\\/www.henson.fr\\\/en\\\/product\\\/haras-henson-visite-guidee-delevage-en-groupe\\\/\"]}]},{\"@type\":\"ImageObject\",\"inLanguage\":\"en-US\",\"@id\":\"https:\\\/\\\/www.henson.fr\\\/en\\\/product\\\/haras-henson-visite-guidee-delevage-en-groupe\\\/#primaryimage\",\"url\":\"https:\\\/\\\/www.henson.fr\\\/wp-content\\\/uploads\\\/2024\\\/02\\\/ARC_0866.webp\",\"contentUrl\":\"https:\\\/\\\/www.henson.fr\\\/wp-content\\\/uploads\\\/2024\\\/02\\\/ARC_0866.webp\",\"width\":1000,\"height\":1500,\"caption\":\"Poulain Henson au Haras-Henson de Rue - \u00a9 Agence Arcantide\"},{\"@type\":\"BreadcrumbList\",\"@id\":\"https:\\\/\\\/www.henson.fr\\\/en\\\/product\\\/haras-henson-visite-guidee-delevage-en-groupe\\\/#breadcrumb\",\"itemListElement\":[{\"@type\":\"ListItem\",\"position\":1,\"name\":\"Accueil\",\"item\":\"https:\\\/\\\/www.henson.fr\\\/en\\\/\"},{\"@type\":\"ListItem\",\"position\":2,\"name\":\"Shop\",\"item\":\"https:\\\/\\\/www.henson.fr\\\/our-offers\\\/shop\\\/?lang=en\"},{\"@type\":\"ListItem\",\"position\":3,\"name\":\"Haras-Henson | Visite guid\u00e9e d&rsquo;\u00e9levage en groupe\"}]},{\"@type\":\"WebSite\",\"@id\":\"https:\\\/\\\/www.henson.fr\\\/en\\\/#website\",\"url\":\"https:\\\/\\\/www.henson.fr\\\/en\\\/\",\"name\":\"Espaces \u00c9questres Henson\",\"description\":\"Welcome to the Henson Land !\",\"publisher\":{\"@id\":\"https:\\\/\\\/www.henson.fr\\\/en\\\/#organization\"},\"potentialAction\":[{\"@type\":\"SearchAction\",\"target\":{\"@type\":\"EntryPoint\",\"urlTemplate\":\"https:\\\/\\\/www.henson.fr\\\/en\\\/?s={search_term_string}\"},\"query-input\":{\"@type\":\"PropertyValueSpecification\",\"valueRequired\":true,\"valueName\":\"search_term_string\"}}],\"inLanguage\":\"en-US\"},{\"@type\":\"Organization\",\"@id\":\"https:\\\/\\\/www.henson.fr\\\/en\\\/#organization\",\"name\":\"SARL Henson\",\"alternateName\":\"Les Espaces \u00c9questres Henson\",\"url\":\"https:\\\/\\\/www.henson.fr\\\/en\\\/\",\"logo\":{\"@type\":\"ImageObject\",\"inLanguage\":\"en-US\",\"@id\":\"https:\\\/\\\/www.henson.fr\\\/en\\\/#\\\/schema\\\/logo\\\/image\\\/\",\"url\":\"https:\\\/\\\/www.henson.fr\\\/wp-content\\\/uploads\\\/2022\\\/04\\\/logo_ee_henson_facture.jpg\",\"contentUrl\":\"https:\\\/\\\/www.henson.fr\\\/wp-content\\\/uploads\\\/2022\\\/04\\\/logo_ee_henson_facture.jpg\",\"width\":197,\"height\":68,\"caption\":\"SARL Henson\"},\"image\":{\"@id\":\"https:\\\/\\\/www.henson.fr\\\/en\\\/#\\\/schema\\\/logo\\\/image\\\/\"},\"sameAs\":[\"https:\\\/\\\/www.facebook.com\\\/EspacesEquestresHenson\\\/\",\"https:\\\/\\\/x.com\\\/Espace_Henson\",\"https:\\\/\\\/www.instagram.com\\\/eehenson\\\/\",\"https:\\\/\\\/www.youtube.com\\\/channel\\\/UC4uxtyqkOtSWwurCQd2YAZw\"]}]}<\/script>\n<!-- \/ Yoast SEO plugin. -->","yoast_head_json":{"title":"Haras-Henson | Visite guid\u00e9e d'\u00e9levage en groupe | Espaces \u00c9questres Henson","description":"Une visite guid\u00e9e et personnalis\u00e9e au Haras-Henson qui vous emm\u00e8nera au c\u0153ur du principal \u00e9levage de chevaux Henson en Baie de Somme.","robots":{"index":"index","follow":"follow","max-snippet":"max-snippet:-1","max-image-preview":"max-image-preview:large","max-video-preview":"max-video-preview:-1"},"canonical":"https:\/\/www.henson.fr\/en\/product\/haras-henson-visite-guidee-delevage-en-groupe\/","og_locale":"en_US","og_type":"article","og_title":"Haras-Henson | Visite guid\u00e9e d'\u00e9levage en groupe | Espaces \u00c9questres Henson","og_description":"Une visite guid\u00e9e et personnalis\u00e9e au Haras-Henson qui vous emm\u00e8nera au c\u0153ur du principal \u00e9levage de chevaux Henson en Baie de Somme.","og_url":"https:\/\/www.henson.fr\/en\/product\/haras-henson-visite-guidee-delevage-en-groupe\/","og_site_name":"Espaces \u00c9questres Henson","article_publisher":"https:\/\/www.facebook.com\/EspacesEquestresHenson\/","article_modified_time":"2025-07-19T12:57:53+00:00","og_image":[{"width":1000,"height":1500,"url":"https:\/\/www.henson.fr\/wp-content\/uploads\/2024\/02\/ARC_0866.webp","type":"image\/webp"}],"twitter_card":"summary_large_image","twitter_site":"@Espace_Henson","twitter_misc":{"Est. reading time":"2 minutes"},"schema":{"@context":"https:\/\/schema.org","@graph":[{"@type":"WebPage","@id":"https:\/\/www.henson.fr\/en\/product\/haras-henson-visite-guidee-delevage-en-groupe\/","url":"https:\/\/www.henson.fr\/en\/product\/haras-henson-visite-guidee-delevage-en-groupe\/","name":"Haras-Henson | Visite guid\u00e9e d'\u00e9levage en groupe | Espaces \u00c9questres Henson","isPartOf":{"@id":"https:\/\/www.henson.fr\/en\/#website"},"primaryImageOfPage":{"@id":"https:\/\/www.henson.fr\/en\/product\/haras-henson-visite-guidee-delevage-en-groupe\/#primaryimage"},"image":{"@id":"https:\/\/www.henson.fr\/en\/product\/haras-henson-visite-guidee-delevage-en-groupe\/#primaryimage"},"thumbnailUrl":"https:\/\/www.henson.fr\/wp-content\/uploads\/2024\/02\/ARC_0866.webp","datePublished":"2024-02-17T11:31:13+00:00","dateModified":"2025-07-19T12:57:53+00:00","description":"Une visite guid\u00e9e et personnalis\u00e9e au Haras-Henson qui vous emm\u00e8nera au c\u0153ur du principal \u00e9levage de chevaux Henson en Baie de Somme.","breadcrumb":{"@id":"https:\/\/www.henson.fr\/en\/product\/haras-henson-visite-guidee-delevage-en-groupe\/#breadcrumb"},"inLanguage":"en-US","potentialAction":[{"@type":"ReadAction","target":["https:\/\/www.henson.fr\/en\/product\/haras-henson-visite-guidee-delevage-en-groupe\/"]}]},{"@type":"ImageObject","inLanguage":"en-US","@id":"https:\/\/www.henson.fr\/en\/product\/haras-henson-visite-guidee-delevage-en-groupe\/#primaryimage","url":"https:\/\/www.henson.fr\/wp-content\/uploads\/2024\/02\/ARC_0866.webp","contentUrl":"https:\/\/www.henson.fr\/wp-content\/uploads\/2024\/02\/ARC_0866.webp","width":1000,"height":1500,"caption":"Poulain Henson au Haras-Henson de Rue - \u00a9 Agence Arcantide"},{"@type":"BreadcrumbList","@id":"https:\/\/www.henson.fr\/en\/product\/haras-henson-visite-guidee-delevage-en-groupe\/#breadcrumb","itemListElement":[{"@type":"ListItem","position":1,"name":"Accueil","item":"https:\/\/www.henson.fr\/en\/"},{"@type":"ListItem","position":2,"name":"Shop","item":"https:\/\/www.henson.fr\/our-offers\/shop\/?lang=en"},{"@type":"ListItem","position":3,"name":"Haras-Henson | Visite guid\u00e9e d&rsquo;\u00e9levage en groupe"}]},{"@type":"WebSite","@id":"https:\/\/www.henson.fr\/en\/#website","url":"https:\/\/www.henson.fr\/en\/","name":"Espaces \u00c9questres Henson","description":"Welcome to the Henson Land !","publisher":{"@id":"https:\/\/www.henson.fr\/en\/#organization"},"potentialAction":[{"@type":"SearchAction","target":{"@type":"EntryPoint","urlTemplate":"https:\/\/www.henson.fr\/en\/?s={search_term_string}"},"query-input":{"@type":"PropertyValueSpecification","valueRequired":true,"valueName":"search_term_string"}}],"inLanguage":"en-US"},{"@type":"Organization","@id":"https:\/\/www.henson.fr\/en\/#organization","name":"SARL Henson","alternateName":"Les Espaces \u00c9questres Henson","url":"https:\/\/www.henson.fr\/en\/","logo":{"@type":"ImageObject","inLanguage":"en-US","@id":"https:\/\/www.henson.fr\/en\/#\/schema\/logo\/image\/","url":"https:\/\/www.henson.fr\/wp-content\/uploads\/2022\/04\/logo_ee_henson_facture.jpg","contentUrl":"https:\/\/www.henson.fr\/wp-content\/uploads\/2022\/04\/logo_ee_henson_facture.jpg","width":197,"height":68,"caption":"SARL Henson"},"image":{"@id":"https:\/\/www.henson.fr\/en\/#\/schema\/logo\/image\/"},"sameAs":["https:\/\/www.facebook.com\/EspacesEquestresHenson\/","https:\/\/x.com\/Espace_Henson","https:\/\/www.instagram.com\/eehenson\/","https:\/\/www.youtube.com\/channel\/UC4uxtyqkOtSWwurCQd2YAZw"]}]}},"jetpack_sharing_enabled":true,"_links":{"self":[{"href":"https:\/\/www.henson.fr\/en\/wp-json\/wp\/v2\/product\/140181","targetHints":{"allow":["GET"]}}],"collection":[{"href":"https:\/\/www.henson.fr\/en\/wp-json\/wp\/v2\/product"}],"about":[{"href":"https:\/\/www.henson.fr\/en\/wp-json\/wp\/v2\/types\/product"}],"replies":[{"embeddable":true,"href":"https:\/\/www.henson.fr\/en\/wp-json\/wp\/v2\/comments?post=140181"}],"wp:featuredmedia":[{"embeddable":true,"href":"https:\/\/www.henson.fr\/en\/wp-json\/wp\/v2\/media\/140184"}],"wp:attachment":[{"href":"https:\/\/www.henson.fr\/en\/wp-json\/wp\/v2\/media?parent=140181"}],"wp:term":[{"taxonomy":"product_brand","embeddable":true,"href":"https:\/\/www.henson.fr\/en\/wp-json\/wp\/v2\/product_brand?post=140181"},{"taxonomy":"product_cat","embeddable":true,"href":"https:\/\/www.henson.fr\/en\/wp-json\/wp\/v2\/product_cat?post=140181"},{"taxonomy":"product_tag","embeddable":true,"href":"https:\/\/www.henson.fr\/en\/wp-json\/wp\/v2\/product_tag?post=140181"},{"taxonomy":"giftcard-category","embeddable":true,"href":"https:\/\/www.henson.fr\/en\/wp-json\/wp\/v2\/giftcard-category?post=140181"}],"curies":[{"name":"wp","href":"https:\/\/api.w.org\/{rel}","templated":true}]}}