{"id":177693,"date":"2025-03-19T18:31:02","date_gmt":"2025-03-19T17:31:02","guid":{"rendered":"https:\/\/www.henson.fr\/?post_type=product&#038;p=177693"},"modified":"2025-03-19T18:31:03","modified_gmt":"2025-03-19T17:31:03","slug":"fontainebleau-forfait-after-work","status":"publish","type":"product","link":"https:\/\/www.henson.fr\/en\/product\/fontainebleau-forfait-after-work\/","title":{"rendered":"Fontainebleau | Forfait after-work"},"content":{"rendered":"<p>Apr\u00e8s une journ\u00e9e bien remplie, offrez-vous une parenth\u00e8se \u00e9questre en for\u00eat de Fontainebleau. Ce forfait de 11 balades s\u2019adresse aux d\u00e9butants comme aux cavaliers confirm\u00e9s souhaitant allier d\u00e9tente et passion du cheval.<\/p>\n<p>Un moment de bien-\u00eatre en pleine nature<br \/>\nLaissez derri\u00e8re vous le stress du quotidien et reconnectez-vous \u00e0 l\u2019essentiel lors d\u2019une balade d\u20191h, id\u00e9ale pour se vider l\u2019esprit et retrouver son \u00e9nergie. Le cadre apaisant de la for\u00eat et le contact avec les chevaux en font une v\u00e9ritable bouff\u00e9e d\u2019oxyg\u00e8ne apr\u00e8s le travail.<\/p>\n","protected":false},"excerpt":{"rendered":"<p>Le forfait after-work, compos\u00e9 de 11 s\u00e9ances, s&#8217;adresse \u00e0 tous les passionn\u00e9s d&#8217;\u00e9quitation qu&#8217;ils soient d\u00e9butants ou confirm\u00e9s.<\/p>\n<p>&nbsp;<\/p>\n<p>Apr\u00e8s le travail, d\u00e9tendez-vous \u00e0 cheval pendant 1h de balade en for\u00eat de Fontainebleau, le moment id\u00e9al pour se vider la t\u00eate et faire le plein d&#8217;\u00e9nergie.<\/p>\n<p>&nbsp;<\/p>\n<p>Le forfait aura lieu du 15 Avril au 30 Juin, les confirm\u00e9s seront les bienvenus sur les jeudis alors que les d\u00e9butants seront attendus les vendredis. Le rendez-vous sera donn\u00e9 \u00e0 17h30 pour la pr\u00e9paration des chevaux.<\/p>\n","protected":false},"featured_media":177694,"comment_status":"open","ping_status":"closed","template":"","meta":{"jetpack_post_was_ever_published":false},"product_brand":[],"product_cat":[664,96,381],"product_tag":[],"giftcard-category":[],"class_list":{"0":"post-177693","1":"product","2":"type-product","3":"status-publish","4":"has-post-thumbnail","6":"product_cat-forfaits-pays-de-fontainebleau","7":"product_cat-offres-classiques","8":"product_cat-pays-de-fontainebleau","10":"first","11":"instock","12":"virtual","13":"taxable","14":"purchasable","15":"product-type-simple"},"booking_location":null,"booking_location_type":null,"booking_duration":null,"booking_duration_unit":null,"booking_buffer":null,"booking_cost":null,"booking_resources":null,"yoast_head":"<!-- This site is optimized with the Yoast SEO plugin v27.4 - https:\/\/yoast.com\/product\/yoast-seo-wordpress\/ -->\n<title>Fontainebleau | Forfait after-work | Espaces \u00c9questres Henson<\/title>\n<meta name=\"description\" content=\"Apr\u00e8s une journ\u00e9e bien remplie, offrez-vous une parenth\u00e8se \u00e9questre en for\u00eat de Fontainebleau. Ce forfait de 11 balades s\u2019adresse aux d\u00e9butants comme aux cavaliers confirm\u00e9s souhaitant allier d\u00e9tente et passion du cheval.\" \/>\n<meta name=\"robots\" content=\"index, follow, max-snippet:-1, max-image-preview:large, max-video-preview:-1\" \/>\n<link rel=\"canonical\" href=\"https:\/\/www.henson.fr\/en\/product\/fontainebleau-forfait-after-work\/\" \/>\n<meta property=\"og:locale\" content=\"en_US\" \/>\n<meta property=\"og:type\" content=\"article\" \/>\n<meta property=\"og:title\" content=\"Fontainebleau | Forfait after-work | Espaces \u00c9questres Henson\" \/>\n<meta property=\"og:description\" content=\"Apr\u00e8s une journ\u00e9e bien remplie, offrez-vous une parenth\u00e8se \u00e9questre en for\u00eat de Fontainebleau. Ce forfait de 11 balades s\u2019adresse aux d\u00e9butants comme aux cavaliers confirm\u00e9s souhaitant allier d\u00e9tente et passion du cheval.\" \/>\n<meta property=\"og:url\" content=\"https:\/\/www.henson.fr\/en\/product\/fontainebleau-forfait-after-work\/\" \/>\n<meta property=\"og:site_name\" content=\"Espaces \u00c9questres Henson\" \/>\n<meta property=\"article:publisher\" content=\"https:\/\/www.facebook.com\/EspacesEquestresHenson\/\" \/>\n<meta property=\"article:modified_time\" content=\"2025-03-19T17:31:03+00:00\" \/>\n<meta property=\"og:image\" content=\"https:\/\/www.henson.fr\/wp-content\/uploads\/2025\/03\/L1000826.webp\" \/>\n\t<meta property=\"og:image:width\" content=\"1001\" \/>\n\t<meta property=\"og:image:height\" content=\"1500\" \/>\n\t<meta property=\"og:image:type\" content=\"image\/webp\" \/>\n<meta name=\"twitter:card\" content=\"summary_large_image\" \/>\n<meta name=\"twitter:site\" content=\"@Espace_Henson\" \/>\n<meta name=\"twitter:label1\" content=\"Est. reading time\" \/>\n\t<meta name=\"twitter:data1\" content=\"1 minute\" \/>\n<script type=\"application\/ld+json\" class=\"yoast-schema-graph\">{\"@context\":\"https:\\\/\\\/schema.org\",\"@graph\":[{\"@type\":\"WebPage\",\"@id\":\"https:\\\/\\\/www.henson.fr\\\/en\\\/product\\\/fontainebleau-forfait-after-work\\\/\",\"url\":\"https:\\\/\\\/www.henson.fr\\\/en\\\/product\\\/fontainebleau-forfait-after-work\\\/\",\"name\":\"Fontainebleau | Forfait after-work | Espaces \u00c9questres Henson\",\"isPartOf\":{\"@id\":\"https:\\\/\\\/www.henson.fr\\\/en\\\/#website\"},\"primaryImageOfPage\":{\"@id\":\"https:\\\/\\\/www.henson.fr\\\/en\\\/product\\\/fontainebleau-forfait-after-work\\\/#primaryimage\"},\"image\":{\"@id\":\"https:\\\/\\\/www.henson.fr\\\/en\\\/product\\\/fontainebleau-forfait-after-work\\\/#primaryimage\"},\"thumbnailUrl\":\"https:\\\/\\\/www.henson.fr\\\/wp-content\\\/uploads\\\/2025\\\/03\\\/L1000826.webp\",\"datePublished\":\"2025-03-19T17:31:02+00:00\",\"dateModified\":\"2025-03-19T17:31:03+00:00\",\"description\":\"Apr\u00e8s une journ\u00e9e bien remplie, offrez-vous une parenth\u00e8se \u00e9questre en for\u00eat de Fontainebleau. Ce forfait de 11 balades s\u2019adresse aux d\u00e9butants comme aux cavaliers confirm\u00e9s souhaitant allier d\u00e9tente et passion du cheval.\",\"breadcrumb\":{\"@id\":\"https:\\\/\\\/www.henson.fr\\\/en\\\/product\\\/fontainebleau-forfait-after-work\\\/#breadcrumb\"},\"inLanguage\":\"en-US\",\"potentialAction\":[{\"@type\":\"ReadAction\",\"target\":[\"https:\\\/\\\/www.henson.fr\\\/en\\\/product\\\/fontainebleau-forfait-after-work\\\/\"]}]},{\"@type\":\"ImageObject\",\"inLanguage\":\"en-US\",\"@id\":\"https:\\\/\\\/www.henson.fr\\\/en\\\/product\\\/fontainebleau-forfait-after-work\\\/#primaryimage\",\"url\":\"https:\\\/\\\/www.henson.fr\\\/wp-content\\\/uploads\\\/2025\\\/03\\\/L1000826.webp\",\"contentUrl\":\"https:\\\/\\\/www.henson.fr\\\/wp-content\\\/uploads\\\/2025\\\/03\\\/L1000826.webp\",\"width\":1001,\"height\":1500,\"caption\":\"Balade avec les chevaux Henson \u00e0 Fontainebleau - \u00a9 Agence Arcantide\"},{\"@type\":\"BreadcrumbList\",\"@id\":\"https:\\\/\\\/www.henson.fr\\\/en\\\/product\\\/fontainebleau-forfait-after-work\\\/#breadcrumb\",\"itemListElement\":[{\"@type\":\"ListItem\",\"position\":1,\"name\":\"Accueil\",\"item\":\"https:\\\/\\\/www.henson.fr\\\/en\\\/\"},{\"@type\":\"ListItem\",\"position\":2,\"name\":\"Shop\",\"item\":\"https:\\\/\\\/www.henson.fr\\\/our-offers\\\/shop\\\/?lang=en\"},{\"@type\":\"ListItem\",\"position\":3,\"name\":\"Fontainebleau | Forfait after-work\"}]},{\"@type\":\"WebSite\",\"@id\":\"https:\\\/\\\/www.henson.fr\\\/en\\\/#website\",\"url\":\"https:\\\/\\\/www.henson.fr\\\/en\\\/\",\"name\":\"Espaces \u00c9questres Henson\",\"description\":\"Welcome to the Henson Land !\",\"publisher\":{\"@id\":\"https:\\\/\\\/www.henson.fr\\\/en\\\/#organization\"},\"potentialAction\":[{\"@type\":\"SearchAction\",\"target\":{\"@type\":\"EntryPoint\",\"urlTemplate\":\"https:\\\/\\\/www.henson.fr\\\/en\\\/?s={search_term_string}\"},\"query-input\":{\"@type\":\"PropertyValueSpecification\",\"valueRequired\":true,\"valueName\":\"search_term_string\"}}],\"inLanguage\":\"en-US\"},{\"@type\":\"Organization\",\"@id\":\"https:\\\/\\\/www.henson.fr\\\/en\\\/#organization\",\"name\":\"SARL Henson\",\"alternateName\":\"Les Espaces \u00c9questres Henson\",\"url\":\"https:\\\/\\\/www.henson.fr\\\/en\\\/\",\"logo\":{\"@type\":\"ImageObject\",\"inLanguage\":\"en-US\",\"@id\":\"https:\\\/\\\/www.henson.fr\\\/en\\\/#\\\/schema\\\/logo\\\/image\\\/\",\"url\":\"https:\\\/\\\/www.henson.fr\\\/wp-content\\\/uploads\\\/2022\\\/04\\\/logo_ee_henson_facture.jpg\",\"contentUrl\":\"https:\\\/\\\/www.henson.fr\\\/wp-content\\\/uploads\\\/2022\\\/04\\\/logo_ee_henson_facture.jpg\",\"width\":197,\"height\":68,\"caption\":\"SARL Henson\"},\"image\":{\"@id\":\"https:\\\/\\\/www.henson.fr\\\/en\\\/#\\\/schema\\\/logo\\\/image\\\/\"},\"sameAs\":[\"https:\\\/\\\/www.facebook.com\\\/EspacesEquestresHenson\\\/\",\"https:\\\/\\\/x.com\\\/Espace_Henson\",\"https:\\\/\\\/www.instagram.com\\\/eehenson\\\/\",\"https:\\\/\\\/www.youtube.com\\\/channel\\\/UC4uxtyqkOtSWwurCQd2YAZw\"]}]}<\/script>\n<!-- \/ Yoast SEO plugin. -->","yoast_head_json":{"title":"Fontainebleau | Forfait after-work | Espaces \u00c9questres Henson","description":"Apr\u00e8s une journ\u00e9e bien remplie, offrez-vous une parenth\u00e8se \u00e9questre en for\u00eat de Fontainebleau. Ce forfait de 11 balades s\u2019adresse aux d\u00e9butants comme aux cavaliers confirm\u00e9s souhaitant allier d\u00e9tente et passion du cheval.","robots":{"index":"index","follow":"follow","max-snippet":"max-snippet:-1","max-image-preview":"max-image-preview:large","max-video-preview":"max-video-preview:-1"},"canonical":"https:\/\/www.henson.fr\/en\/product\/fontainebleau-forfait-after-work\/","og_locale":"en_US","og_type":"article","og_title":"Fontainebleau | Forfait after-work | Espaces \u00c9questres Henson","og_description":"Apr\u00e8s une journ\u00e9e bien remplie, offrez-vous une parenth\u00e8se \u00e9questre en for\u00eat de Fontainebleau. Ce forfait de 11 balades s\u2019adresse aux d\u00e9butants comme aux cavaliers confirm\u00e9s souhaitant allier d\u00e9tente et passion du cheval.","og_url":"https:\/\/www.henson.fr\/en\/product\/fontainebleau-forfait-after-work\/","og_site_name":"Espaces \u00c9questres Henson","article_publisher":"https:\/\/www.facebook.com\/EspacesEquestresHenson\/","article_modified_time":"2025-03-19T17:31:03+00:00","og_image":[{"width":1001,"height":1500,"url":"https:\/\/www.henson.fr\/wp-content\/uploads\/2025\/03\/L1000826.webp","type":"image\/webp"}],"twitter_card":"summary_large_image","twitter_site":"@Espace_Henson","twitter_misc":{"Est. reading time":"1 minute"},"schema":{"@context":"https:\/\/schema.org","@graph":[{"@type":"WebPage","@id":"https:\/\/www.henson.fr\/en\/product\/fontainebleau-forfait-after-work\/","url":"https:\/\/www.henson.fr\/en\/product\/fontainebleau-forfait-after-work\/","name":"Fontainebleau | Forfait after-work | Espaces \u00c9questres Henson","isPartOf":{"@id":"https:\/\/www.henson.fr\/en\/#website"},"primaryImageOfPage":{"@id":"https:\/\/www.henson.fr\/en\/product\/fontainebleau-forfait-after-work\/#primaryimage"},"image":{"@id":"https:\/\/www.henson.fr\/en\/product\/fontainebleau-forfait-after-work\/#primaryimage"},"thumbnailUrl":"https:\/\/www.henson.fr\/wp-content\/uploads\/2025\/03\/L1000826.webp","datePublished":"2025-03-19T17:31:02+00:00","dateModified":"2025-03-19T17:31:03+00:00","description":"Apr\u00e8s une journ\u00e9e bien remplie, offrez-vous une parenth\u00e8se \u00e9questre en for\u00eat de Fontainebleau. Ce forfait de 11 balades s\u2019adresse aux d\u00e9butants comme aux cavaliers confirm\u00e9s souhaitant allier d\u00e9tente et passion du cheval.","breadcrumb":{"@id":"https:\/\/www.henson.fr\/en\/product\/fontainebleau-forfait-after-work\/#breadcrumb"},"inLanguage":"en-US","potentialAction":[{"@type":"ReadAction","target":["https:\/\/www.henson.fr\/en\/product\/fontainebleau-forfait-after-work\/"]}]},{"@type":"ImageObject","inLanguage":"en-US","@id":"https:\/\/www.henson.fr\/en\/product\/fontainebleau-forfait-after-work\/#primaryimage","url":"https:\/\/www.henson.fr\/wp-content\/uploads\/2025\/03\/L1000826.webp","contentUrl":"https:\/\/www.henson.fr\/wp-content\/uploads\/2025\/03\/L1000826.webp","width":1001,"height":1500,"caption":"Balade avec les chevaux Henson \u00e0 Fontainebleau - \u00a9 Agence Arcantide"},{"@type":"BreadcrumbList","@id":"https:\/\/www.henson.fr\/en\/product\/fontainebleau-forfait-after-work\/#breadcrumb","itemListElement":[{"@type":"ListItem","position":1,"name":"Accueil","item":"https:\/\/www.henson.fr\/en\/"},{"@type":"ListItem","position":2,"name":"Shop","item":"https:\/\/www.henson.fr\/our-offers\/shop\/?lang=en"},{"@type":"ListItem","position":3,"name":"Fontainebleau | Forfait after-work"}]},{"@type":"WebSite","@id":"https:\/\/www.henson.fr\/en\/#website","url":"https:\/\/www.henson.fr\/en\/","name":"Espaces \u00c9questres Henson","description":"Welcome to the Henson Land !","publisher":{"@id":"https:\/\/www.henson.fr\/en\/#organization"},"potentialAction":[{"@type":"SearchAction","target":{"@type":"EntryPoint","urlTemplate":"https:\/\/www.henson.fr\/en\/?s={search_term_string}"},"query-input":{"@type":"PropertyValueSpecification","valueRequired":true,"valueName":"search_term_string"}}],"inLanguage":"en-US"},{"@type":"Organization","@id":"https:\/\/www.henson.fr\/en\/#organization","name":"SARL Henson","alternateName":"Les Espaces \u00c9questres Henson","url":"https:\/\/www.henson.fr\/en\/","logo":{"@type":"ImageObject","inLanguage":"en-US","@id":"https:\/\/www.henson.fr\/en\/#\/schema\/logo\/image\/","url":"https:\/\/www.henson.fr\/wp-content\/uploads\/2022\/04\/logo_ee_henson_facture.jpg","contentUrl":"https:\/\/www.henson.fr\/wp-content\/uploads\/2022\/04\/logo_ee_henson_facture.jpg","width":197,"height":68,"caption":"SARL Henson"},"image":{"@id":"https:\/\/www.henson.fr\/en\/#\/schema\/logo\/image\/"},"sameAs":["https:\/\/www.facebook.com\/EspacesEquestresHenson\/","https:\/\/x.com\/Espace_Henson","https:\/\/www.instagram.com\/eehenson\/","https:\/\/www.youtube.com\/channel\/UC4uxtyqkOtSWwurCQd2YAZw"]}]}},"jetpack_sharing_enabled":true,"_links":{"self":[{"href":"https:\/\/www.henson.fr\/en\/wp-json\/wp\/v2\/product\/177693","targetHints":{"allow":["GET"]}}],"collection":[{"href":"https:\/\/www.henson.fr\/en\/wp-json\/wp\/v2\/product"}],"about":[{"href":"https:\/\/www.henson.fr\/en\/wp-json\/wp\/v2\/types\/product"}],"replies":[{"embeddable":true,"href":"https:\/\/www.henson.fr\/en\/wp-json\/wp\/v2\/comments?post=177693"}],"wp:featuredmedia":[{"embeddable":true,"href":"https:\/\/www.henson.fr\/en\/wp-json\/wp\/v2\/media\/177694"}],"wp:attachment":[{"href":"https:\/\/www.henson.fr\/en\/wp-json\/wp\/v2\/media?parent=177693"}],"wp:term":[{"taxonomy":"product_brand","embeddable":true,"href":"https:\/\/www.henson.fr\/en\/wp-json\/wp\/v2\/product_brand?post=177693"},{"taxonomy":"product_cat","embeddable":true,"href":"https:\/\/www.henson.fr\/en\/wp-json\/wp\/v2\/product_cat?post=177693"},{"taxonomy":"product_tag","embeddable":true,"href":"https:\/\/www.henson.fr\/en\/wp-json\/wp\/v2\/product_tag?post=177693"},{"taxonomy":"giftcard-category","embeddable":true,"href":"https:\/\/www.henson.fr\/en\/wp-json\/wp\/v2\/giftcard-category?post=177693"}],"curies":[{"name":"wp","href":"https:\/\/api.w.org\/{rel}","templated":true}]}}