{"id":20609,"date":"2019-07-09T08:30:55","date_gmt":"2019-07-09T06:30:55","guid":{"rendered":"https:\/\/www.henson.fr\/produit\/cutting-at-haras-henson\/"},"modified":"2019-07-25T10:27:18","modified_gmt":"2019-07-25T08:27:18","slug":"cutting-at-haras-henson","status":"publish","type":"product","link":"https:\/\/www.henson.fr\/en\/product\/cutting-at-haras-henson\/","title":{"rendered":"Cutting at Haras Henson"},"content":{"rendered":"<p>At the heart of a creative and authentic farm, you will meet herds of Highland cows and Hampshire sheep. Unique in the region!<\/p>\n<p>Our guides take everyone, budding riders as experienced riders, for an unforgettable experience of shepherds on horseback (&#8220;cutting&#8221;).<\/p>\n","protected":false},"excerpt":{"rendered":"<p>At the heart of a creative and authentic farm, you will meet herds of Highland cows and Hampshire sheep. Unique in the region!<\/p>\n<p>Our guides take everyone, budding riders as experienced riders, for an unforgettable experience of shepherds on horseback (&#8220;cutting&#8221;).<\/p>\n","protected":false},"featured_media":1145,"comment_status":"open","ping_status":"closed","template":"","meta":{"jetpack_post_was_ever_published":false},"product_brand":[],"product_cat":[162,427],"product_tag":[],"giftcard-category":[],"class_list":{"0":"post-20609","1":"product","2":"type-product","3":"status-publish","4":"has-post-thumbnail","6":"product_cat-special-offers","7":"product_cat-special-offers-haras-henson","9":"first","10":"instock","11":"virtual","12":"sold-individually","13":"taxable","14":"purchasable","15":"product-type-booking"},"booking_location":"","booking_location_type":"","booking_duration":3,"booking_duration_unit":"hour","booking_buffer":0,"booking_cost":0,"booking_resources":[],"yoast_head":"<!-- This site is optimized with the Yoast SEO plugin v27.4 - https:\/\/yoast.com\/product\/yoast-seo-wordpress\/ -->\n<title>Cutting at Haras Henson | Espaces \u00c9questres Henson<\/title>\n<meta name=\"description\" content=\"Nos guides emm\u00e8nent tout le monde, cavaliers en herbe comme cavaliers chevronn\u00e9s, pour une exp\u00e9rience inoubliable de bergers \u00e0 cheval (&quot;cutting&quot;)\" \/>\n<meta name=\"robots\" content=\"index, follow, max-snippet:-1, max-image-preview:large, max-video-preview:-1\" \/>\n<link rel=\"canonical\" href=\"https:\/\/www.henson.fr\/en\/product\/cutting-at-haras-henson\/\" \/>\n<meta property=\"og:locale\" content=\"en_US\" \/>\n<meta property=\"og:type\" content=\"article\" \/>\n<meta property=\"og:title\" content=\"Cutting at Haras Henson | Espaces \u00c9questres Henson\" \/>\n<meta property=\"og:description\" content=\"Nos guides emm\u00e8nent tout le monde, cavaliers en herbe comme cavaliers chevronn\u00e9s, pour une exp\u00e9rience inoubliable de bergers \u00e0 cheval (&quot;cutting&quot;)\" \/>\n<meta property=\"og:url\" content=\"https:\/\/www.henson.fr\/en\/product\/cutting-at-haras-henson\/\" \/>\n<meta property=\"og:site_name\" content=\"Espaces \u00c9questres Henson\" \/>\n<meta property=\"article:publisher\" content=\"https:\/\/www.facebook.com\/EspacesEquestresHenson\/\" \/>\n<meta property=\"article:modified_time\" content=\"2019-07-25T08:27:18+00:00\" \/>\n<meta property=\"og:image\" content=\"https:\/\/www.henson.fr\/wp-content\/uploads\/2018\/02\/FLO0260.jpg\" \/>\n\t<meta property=\"og:image:width\" content=\"856\" \/>\n\t<meta property=\"og:image:height\" content=\"1132\" \/>\n\t<meta property=\"og:image:type\" content=\"image\/jpeg\" \/>\n<meta name=\"twitter:card\" content=\"summary_large_image\" \/>\n<meta name=\"twitter:site\" content=\"@Espace_Henson\" \/>\n<script type=\"application\/ld+json\" class=\"yoast-schema-graph\">{\"@context\":\"https:\\\/\\\/schema.org\",\"@graph\":[{\"@type\":\"WebPage\",\"@id\":\"https:\\\/\\\/www.henson.fr\\\/en\\\/product\\\/cutting-at-haras-henson\\\/\",\"url\":\"https:\\\/\\\/www.henson.fr\\\/en\\\/product\\\/cutting-at-haras-henson\\\/\",\"name\":\"Cutting at Haras Henson | Espaces \u00c9questres Henson\",\"isPartOf\":{\"@id\":\"https:\\\/\\\/www.henson.fr\\\/en\\\/#website\"},\"primaryImageOfPage\":{\"@id\":\"https:\\\/\\\/www.henson.fr\\\/en\\\/product\\\/cutting-at-haras-henson\\\/#primaryimage\"},\"image\":{\"@id\":\"https:\\\/\\\/www.henson.fr\\\/en\\\/product\\\/cutting-at-haras-henson\\\/#primaryimage\"},\"thumbnailUrl\":\"https:\\\/\\\/www.henson.fr\\\/wp-content\\\/uploads\\\/2018\\\/02\\\/FLO0260.jpg\",\"datePublished\":\"2019-07-09T06:30:55+00:00\",\"dateModified\":\"2019-07-25T08:27:18+00:00\",\"description\":\"Nos guides emm\u00e8nent tout le monde, cavaliers en herbe comme cavaliers chevronn\u00e9s, pour une exp\u00e9rience inoubliable de bergers \u00e0 cheval (\\\"cutting\\\")\",\"breadcrumb\":{\"@id\":\"https:\\\/\\\/www.henson.fr\\\/en\\\/product\\\/cutting-at-haras-henson\\\/#breadcrumb\"},\"inLanguage\":\"en-US\",\"potentialAction\":[{\"@type\":\"ReadAction\",\"target\":[\"https:\\\/\\\/www.henson.fr\\\/en\\\/product\\\/cutting-at-haras-henson\\\/\"]}]},{\"@type\":\"ImageObject\",\"inLanguage\":\"en-US\",\"@id\":\"https:\\\/\\\/www.henson.fr\\\/en\\\/product\\\/cutting-at-haras-henson\\\/#primaryimage\",\"url\":\"https:\\\/\\\/www.henson.fr\\\/wp-content\\\/uploads\\\/2018\\\/02\\\/FLO0260.jpg\",\"contentUrl\":\"https:\\\/\\\/www.henson.fr\\\/wp-content\\\/uploads\\\/2018\\\/02\\\/FLO0260.jpg\",\"width\":856,\"height\":1132,\"caption\":\"Cutting with the Henson horses at the Haras-Henson of Rue\"},{\"@type\":\"BreadcrumbList\",\"@id\":\"https:\\\/\\\/www.henson.fr\\\/en\\\/product\\\/cutting-at-haras-henson\\\/#breadcrumb\",\"itemListElement\":[{\"@type\":\"ListItem\",\"position\":1,\"name\":\"Accueil\",\"item\":\"https:\\\/\\\/www.henson.fr\\\/en\\\/\"},{\"@type\":\"ListItem\",\"position\":2,\"name\":\"Shop\",\"item\":\"https:\\\/\\\/www.henson.fr\\\/our-offers\\\/shop\\\/?lang=en\"},{\"@type\":\"ListItem\",\"position\":3,\"name\":\"Cutting at Haras Henson\"}]},{\"@type\":\"WebSite\",\"@id\":\"https:\\\/\\\/www.henson.fr\\\/en\\\/#website\",\"url\":\"https:\\\/\\\/www.henson.fr\\\/en\\\/\",\"name\":\"Espaces \u00c9questres Henson\",\"description\":\"Welcome to the Henson Land !\",\"publisher\":{\"@id\":\"https:\\\/\\\/www.henson.fr\\\/en\\\/#organization\"},\"potentialAction\":[{\"@type\":\"SearchAction\",\"target\":{\"@type\":\"EntryPoint\",\"urlTemplate\":\"https:\\\/\\\/www.henson.fr\\\/en\\\/?s={search_term_string}\"},\"query-input\":{\"@type\":\"PropertyValueSpecification\",\"valueRequired\":true,\"valueName\":\"search_term_string\"}}],\"inLanguage\":\"en-US\"},{\"@type\":\"Organization\",\"@id\":\"https:\\\/\\\/www.henson.fr\\\/en\\\/#organization\",\"name\":\"SARL Henson\",\"alternateName\":\"Les Espaces \u00c9questres Henson\",\"url\":\"https:\\\/\\\/www.henson.fr\\\/en\\\/\",\"logo\":{\"@type\":\"ImageObject\",\"inLanguage\":\"en-US\",\"@id\":\"https:\\\/\\\/www.henson.fr\\\/en\\\/#\\\/schema\\\/logo\\\/image\\\/\",\"url\":\"https:\\\/\\\/www.henson.fr\\\/wp-content\\\/uploads\\\/2022\\\/04\\\/logo_ee_henson_facture.jpg\",\"contentUrl\":\"https:\\\/\\\/www.henson.fr\\\/wp-content\\\/uploads\\\/2022\\\/04\\\/logo_ee_henson_facture.jpg\",\"width\":197,\"height\":68,\"caption\":\"SARL Henson\"},\"image\":{\"@id\":\"https:\\\/\\\/www.henson.fr\\\/en\\\/#\\\/schema\\\/logo\\\/image\\\/\"},\"sameAs\":[\"https:\\\/\\\/www.facebook.com\\\/EspacesEquestresHenson\\\/\",\"https:\\\/\\\/x.com\\\/Espace_Henson\",\"https:\\\/\\\/www.instagram.com\\\/eehenson\\\/\",\"https:\\\/\\\/www.youtube.com\\\/channel\\\/UC4uxtyqkOtSWwurCQd2YAZw\"]}]}<\/script>\n<!-- \/ Yoast SEO plugin. -->","yoast_head_json":{"title":"Cutting at Haras Henson | Espaces \u00c9questres Henson","description":"Nos guides emm\u00e8nent tout le monde, cavaliers en herbe comme cavaliers chevronn\u00e9s, pour une exp\u00e9rience inoubliable de bergers \u00e0 cheval (\"cutting\")","robots":{"index":"index","follow":"follow","max-snippet":"max-snippet:-1","max-image-preview":"max-image-preview:large","max-video-preview":"max-video-preview:-1"},"canonical":"https:\/\/www.henson.fr\/en\/product\/cutting-at-haras-henson\/","og_locale":"en_US","og_type":"article","og_title":"Cutting at Haras Henson | Espaces \u00c9questres Henson","og_description":"Nos guides emm\u00e8nent tout le monde, cavaliers en herbe comme cavaliers chevronn\u00e9s, pour une exp\u00e9rience inoubliable de bergers \u00e0 cheval (\"cutting\")","og_url":"https:\/\/www.henson.fr\/en\/product\/cutting-at-haras-henson\/","og_site_name":"Espaces \u00c9questres Henson","article_publisher":"https:\/\/www.facebook.com\/EspacesEquestresHenson\/","article_modified_time":"2019-07-25T08:27:18+00:00","og_image":[{"width":856,"height":1132,"url":"https:\/\/www.henson.fr\/wp-content\/uploads\/2018\/02\/FLO0260.jpg","type":"image\/jpeg"}],"twitter_card":"summary_large_image","twitter_site":"@Espace_Henson","schema":{"@context":"https:\/\/schema.org","@graph":[{"@type":"WebPage","@id":"https:\/\/www.henson.fr\/en\/product\/cutting-at-haras-henson\/","url":"https:\/\/www.henson.fr\/en\/product\/cutting-at-haras-henson\/","name":"Cutting at Haras Henson | Espaces \u00c9questres Henson","isPartOf":{"@id":"https:\/\/www.henson.fr\/en\/#website"},"primaryImageOfPage":{"@id":"https:\/\/www.henson.fr\/en\/product\/cutting-at-haras-henson\/#primaryimage"},"image":{"@id":"https:\/\/www.henson.fr\/en\/product\/cutting-at-haras-henson\/#primaryimage"},"thumbnailUrl":"https:\/\/www.henson.fr\/wp-content\/uploads\/2018\/02\/FLO0260.jpg","datePublished":"2019-07-09T06:30:55+00:00","dateModified":"2019-07-25T08:27:18+00:00","description":"Nos guides emm\u00e8nent tout le monde, cavaliers en herbe comme cavaliers chevronn\u00e9s, pour une exp\u00e9rience inoubliable de bergers \u00e0 cheval (\"cutting\")","breadcrumb":{"@id":"https:\/\/www.henson.fr\/en\/product\/cutting-at-haras-henson\/#breadcrumb"},"inLanguage":"en-US","potentialAction":[{"@type":"ReadAction","target":["https:\/\/www.henson.fr\/en\/product\/cutting-at-haras-henson\/"]}]},{"@type":"ImageObject","inLanguage":"en-US","@id":"https:\/\/www.henson.fr\/en\/product\/cutting-at-haras-henson\/#primaryimage","url":"https:\/\/www.henson.fr\/wp-content\/uploads\/2018\/02\/FLO0260.jpg","contentUrl":"https:\/\/www.henson.fr\/wp-content\/uploads\/2018\/02\/FLO0260.jpg","width":856,"height":1132,"caption":"Cutting with the Henson horses at the Haras-Henson of Rue"},{"@type":"BreadcrumbList","@id":"https:\/\/www.henson.fr\/en\/product\/cutting-at-haras-henson\/#breadcrumb","itemListElement":[{"@type":"ListItem","position":1,"name":"Accueil","item":"https:\/\/www.henson.fr\/en\/"},{"@type":"ListItem","position":2,"name":"Shop","item":"https:\/\/www.henson.fr\/our-offers\/shop\/?lang=en"},{"@type":"ListItem","position":3,"name":"Cutting at Haras Henson"}]},{"@type":"WebSite","@id":"https:\/\/www.henson.fr\/en\/#website","url":"https:\/\/www.henson.fr\/en\/","name":"Espaces \u00c9questres Henson","description":"Welcome to the Henson Land !","publisher":{"@id":"https:\/\/www.henson.fr\/en\/#organization"},"potentialAction":[{"@type":"SearchAction","target":{"@type":"EntryPoint","urlTemplate":"https:\/\/www.henson.fr\/en\/?s={search_term_string}"},"query-input":{"@type":"PropertyValueSpecification","valueRequired":true,"valueName":"search_term_string"}}],"inLanguage":"en-US"},{"@type":"Organization","@id":"https:\/\/www.henson.fr\/en\/#organization","name":"SARL Henson","alternateName":"Les Espaces \u00c9questres Henson","url":"https:\/\/www.henson.fr\/en\/","logo":{"@type":"ImageObject","inLanguage":"en-US","@id":"https:\/\/www.henson.fr\/en\/#\/schema\/logo\/image\/","url":"https:\/\/www.henson.fr\/wp-content\/uploads\/2022\/04\/logo_ee_henson_facture.jpg","contentUrl":"https:\/\/www.henson.fr\/wp-content\/uploads\/2022\/04\/logo_ee_henson_facture.jpg","width":197,"height":68,"caption":"SARL Henson"},"image":{"@id":"https:\/\/www.henson.fr\/en\/#\/schema\/logo\/image\/"},"sameAs":["https:\/\/www.facebook.com\/EspacesEquestresHenson\/","https:\/\/x.com\/Espace_Henson","https:\/\/www.instagram.com\/eehenson\/","https:\/\/www.youtube.com\/channel\/UC4uxtyqkOtSWwurCQd2YAZw"]}]}},"jetpack_sharing_enabled":true,"_links":{"self":[{"href":"https:\/\/www.henson.fr\/en\/wp-json\/wp\/v2\/product\/20609","targetHints":{"allow":["GET"]}}],"collection":[{"href":"https:\/\/www.henson.fr\/en\/wp-json\/wp\/v2\/product"}],"about":[{"href":"https:\/\/www.henson.fr\/en\/wp-json\/wp\/v2\/types\/product"}],"replies":[{"embeddable":true,"href":"https:\/\/www.henson.fr\/en\/wp-json\/wp\/v2\/comments?post=20609"}],"wp:featuredmedia":[{"embeddable":true,"href":"https:\/\/www.henson.fr\/en\/wp-json\/wp\/v2\/media\/1145"}],"wp:attachment":[{"href":"https:\/\/www.henson.fr\/en\/wp-json\/wp\/v2\/media?parent=20609"}],"wp:term":[{"taxonomy":"product_brand","embeddable":true,"href":"https:\/\/www.henson.fr\/en\/wp-json\/wp\/v2\/product_brand?post=20609"},{"taxonomy":"product_cat","embeddable":true,"href":"https:\/\/www.henson.fr\/en\/wp-json\/wp\/v2\/product_cat?post=20609"},{"taxonomy":"product_tag","embeddable":true,"href":"https:\/\/www.henson.fr\/en\/wp-json\/wp\/v2\/product_tag?post=20609"},{"taxonomy":"giftcard-category","embeddable":true,"href":"https:\/\/www.henson.fr\/en\/wp-json\/wp\/v2\/giftcard-category?post=20609"}],"curies":[{"name":"wp","href":"https:\/\/api.w.org\/{rel}","templated":true}]}}