{"id":224919,"date":"2026-05-07T21:38:07","date_gmt":"2026-05-07T19:38:07","guid":{"rendered":"https:\/\/www.henson.fr\/produit\/experiential-journeys-in-henson-land-from-one-shore-to-another-one\/"},"modified":"2026-05-11T13:46:34","modified_gmt":"2026-05-11T11:46:34","slug":"experiential-journeys-in-henson-land-from-one-shore-to-another-one","status":"publish","type":"product","link":"https:\/\/www.henson.fr\/en\/product\/experiential-journeys-in-henson-land-from-one-shore-to-another-one\/","title":{"rendered":"Experiential Journeys in Henson Land | From One Shore to the Other"},"content":{"rendered":"<p><strong>&#8220;From one shore to the other&#8221; &#8211; The Bay of Somme in all its splendor<\/strong><\/p>\n<p>&nbsp;<\/p>\n<p><strong>Day 1 &#8211; The Cliffs<\/strong><\/p>\n<p>Riders are welcomed at the charming accommodation &#8220;Le Domaine de la Mer&#8221;. The ride departs towards Ault, then the Bois de Cise on the cliffside before reaching Mers-les-Bains for a picnic on its heights.<\/p>\n<p><strong>Day 2 &#8211; The South Shore<\/strong><\/p>\n<p>Crossing the Ault harbor towards the Hourdel lighthouse. Lunch at the Maison de la Baie de Somme then a beautiful ride to Cap Hornu where a moment of well-being will be offered.<\/p>\n<p><strong>Day 3 &#8211; The North Shore<\/strong><\/p>\n<p>Starting early in the morning, the tour begins with the discovery of Saint-Valery-sur-Somme, followed by a journey through the entire Bay of Somme, culminating in a tasting of bouchot mussels in Le Crotoy. The grand finale on Marquenterre beach will mark the high point of your adventure.<\/p>\n<p>&#8211;<\/p>\n<p><b>Why choose this trip?<\/b><\/p>\n<p>\u2022 A unique adventure, in the spirit of slow tourism: much more than a hike, a complete immersion.<\/p>\n<p>\u2022 Henson horses \u2013 gentle, reliable and ideal for roaming.<\/p>\n<p>\u2022 An exceptional territory, blending nature, culture and heritage.<\/p>\n<p>\u2022 A friendly and upscale stay, designed for well-being and rejuvenation.<\/p>\n<p>\u2022 Full board for 3 days \/ 2 nights: comfortable accommodations and the best local produce at every meal.<\/p>\n","protected":false},"excerpt":{"rendered":"<p>\u201cBay of Somme, experiential journeys in Henson Land\u2026\u201d: Experience magical moments in total immersion!<\/p>\n<p>&nbsp;<\/p>\n<p>Les deux rives de la Baie de Somme se font face depuis des mill\u00e9naires, form\u00e9es par les mar\u00e9es et le temps puis remodel\u00e9es par la main de l&#8217;Homme.<\/p>\n<p>&nbsp;<\/p>\n<p>Through its paths crisscrossing its endless landscape, we offer you the chance to experience the entire Bay of Somme during a unique experiential journey!<\/p>\n<p>&nbsp;<\/p>\n<p>Three days in harmony with nature, at the pace of Henson horses, to discover its geology of limestone, pebbles and sand, offering it this pedestal of dazzling whiteness from which you will observe a new world&#8230;<\/p>\n<p>&nbsp;<\/p>\n<p>You will pass through the colorful towns typical of the Picardy coastline, the richness of its nature reserves offering breathtaking landscapes!<\/p>\n<p>&nbsp;<\/p>\n<p>Our experiential journeys are more than just a horseback ride. They are a journey into another time, another place, another self&#8230; <\/p>\n<p>&nbsp;<\/p>\n<p>Your experiential journey includes: guide, horse, assistance, meals and accommodation on a comfortable, friendly and invigorating route of approximately 20km per day.<\/p>\n<p>For riders who know how to control their horse at all three gaits.<\/p>\n","protected":false},"featured_media":224382,"comment_status":"open","ping_status":"closed","template":"","meta":[],"product_brand":[],"product_cat":[471],"product_tag":[697,170,216,171,700,271,184,169,41,698,699,696,193,181,695],"giftcard-category":[],"class_list":{"0":"post-224919","1":"product","2":"type-product","3":"status-publish","4":"has-post-thumbnail","6":"product_cat-itinerances-uk","7":"product_tag-ault","8":"product_tag-bay-of-somme","9":"product_tag-equestrian-lunches","10":"product_tag-experienced-riders","11":"product_tag-experiential-journeys-in-henson-land","12":"product_tag-hauts-de-france-en","13":"product_tag-group-trail-rides","14":"product_tag-horse-riding-en","15":"product_tag-horse-riding","16":"product_tag-la-maison-de-la-baie-de-somme","17":"product_tag-le-cap-hornu","18":"product_tag-le-crotoy","19":"product_tag-marquenterre-en","20":"product_tag-nature-en","21":"product_tag-saint-valery-sur-somme","23":"first","24":"instock","25":"virtual","26":"sold-individually","27":"taxable","28":"purchasable","29":"product-type-booking"},"booking_location":"","booking_location_type":"","booking_duration":3,"booking_duration_unit":"day","booking_buffer":0,"booking_cost":0,"booking_resources":[],"yoast_head":"<!-- This site is optimized with the Yoast SEO plugin v27.6 - https:\/\/yoast.com\/product\/yoast-seo-wordpress\/ -->\n<title>Experiential Journeys in Henson Land | From One Shore to the Other | Espaces \u00c9questres Henson<\/title>\n<meta name=\"description\" content=\"Experiential journeys in Henson Land - Discover both sides of the Bay of Somme with Henson horses during a journey unlike any other in the world!\" \/>\n<meta name=\"robots\" content=\"index, follow, max-snippet:-1, max-image-preview:large, max-video-preview:-1\" \/>\n<link rel=\"canonical\" href=\"https:\/\/www.henson.fr\/en\/product\/experiential-journeys-in-henson-land-from-one-shore-to-another-one\/\" \/>\n<meta property=\"og:locale\" content=\"en_US\" \/>\n<meta property=\"og:type\" content=\"article\" \/>\n<meta property=\"og:title\" content=\"Experiential Journeys in Henson Land | From One Shore to the Other | Espaces \u00c9questres Henson\" \/>\n<meta property=\"og:description\" content=\"Experiential journeys in Henson Land - Discover both sides of the Bay of Somme with Henson horses during a journey unlike any other in the world!\" \/>\n<meta property=\"og:url\" content=\"https:\/\/www.henson.fr\/en\/product\/experiential-journeys-in-henson-land-from-one-shore-to-another-one\/\" \/>\n<meta property=\"og:site_name\" content=\"Espaces \u00c9questres Henson\" \/>\n<meta property=\"article:publisher\" content=\"https:\/\/www.facebook.com\/EspacesEquestresHenson\/\" \/>\n<meta property=\"article:modified_time\" content=\"2026-05-11T11:46:34+00:00\" \/>\n<meta property=\"og:image\" content=\"https:\/\/www.henson.fr\/wp-content\/uploads\/2026\/05\/ARC_8124.jpg\" \/>\n\t<meta property=\"og:image:width\" content=\"1365\" \/>\n\t<meta property=\"og:image:height\" content=\"2048\" \/>\n\t<meta property=\"og:image:type\" content=\"image\/jpeg\" \/>\n<meta name=\"twitter:card\" content=\"summary_large_image\" \/>\n<meta name=\"twitter:site\" content=\"@Espace_Henson\" \/>\n<meta name=\"twitter:label1\" content=\"Est. reading time\" \/>\n\t<meta name=\"twitter:data1\" content=\"1 minute\" \/>\n<script type=\"application\/ld+json\" class=\"yoast-schema-graph\">{\"@context\":\"https:\\\/\\\/schema.org\",\"@graph\":[{\"@type\":\"WebPage\",\"@id\":\"https:\\\/\\\/www.henson.fr\\\/en\\\/product\\\/experiential-journeys-in-henson-land-from-one-shore-to-another-one\\\/\",\"url\":\"https:\\\/\\\/www.henson.fr\\\/en\\\/product\\\/experiential-journeys-in-henson-land-from-one-shore-to-another-one\\\/\",\"name\":\"Experiential Journeys in Henson Land | From One Shore to the Other | Espaces \u00c9questres Henson\",\"isPartOf\":{\"@id\":\"https:\\\/\\\/www.henson.fr\\\/en\\\/#website\"},\"primaryImageOfPage\":{\"@id\":\"https:\\\/\\\/www.henson.fr\\\/en\\\/product\\\/experiential-journeys-in-henson-land-from-one-shore-to-another-one\\\/#primaryimage\"},\"image\":{\"@id\":\"https:\\\/\\\/www.henson.fr\\\/en\\\/product\\\/experiential-journeys-in-henson-land-from-one-shore-to-another-one\\\/#primaryimage\"},\"thumbnailUrl\":\"https:\\\/\\\/www.henson.fr\\\/wp-content\\\/uploads\\\/2026\\\/05\\\/ARC_8124.jpg\",\"datePublished\":\"2026-05-07T19:38:07+00:00\",\"dateModified\":\"2026-05-11T11:46:34+00:00\",\"description\":\"Experiential journeys in Henson Land - Discover both sides of the Bay of Somme with Henson horses during a journey unlike any other in the world!\",\"breadcrumb\":{\"@id\":\"https:\\\/\\\/www.henson.fr\\\/en\\\/product\\\/experiential-journeys-in-henson-land-from-one-shore-to-another-one\\\/#breadcrumb\"},\"inLanguage\":\"en-US\",\"potentialAction\":[{\"@type\":\"ReadAction\",\"target\":[\"https:\\\/\\\/www.henson.fr\\\/en\\\/product\\\/experiential-journeys-in-henson-land-from-one-shore-to-another-one\\\/\"]}]},{\"@type\":\"ImageObject\",\"inLanguage\":\"en-US\",\"@id\":\"https:\\\/\\\/www.henson.fr\\\/en\\\/product\\\/experiential-journeys-in-henson-land-from-one-shore-to-another-one\\\/#primaryimage\",\"url\":\"https:\\\/\\\/www.henson.fr\\\/wp-content\\\/uploads\\\/2026\\\/05\\\/ARC_8124.jpg\",\"contentUrl\":\"https:\\\/\\\/www.henson.fr\\\/wp-content\\\/uploads\\\/2026\\\/05\\\/ARC_8124.jpg\",\"width\":1365,\"height\":2048,\"caption\":\"Experiential Journeys in Henson Land | From One Shore to the Other - \u00a9 Arcantide Agency - Florent Cocquet\"},{\"@type\":\"BreadcrumbList\",\"@id\":\"https:\\\/\\\/www.henson.fr\\\/en\\\/product\\\/experiential-journeys-in-henson-land-from-one-shore-to-another-one\\\/#breadcrumb\",\"itemListElement\":[{\"@type\":\"ListItem\",\"position\":1,\"name\":\"Accueil\",\"item\":\"https:\\\/\\\/www.henson.fr\\\/en\\\/\"},{\"@type\":\"ListItem\",\"position\":2,\"name\":\"Shop\",\"item\":\"https:\\\/\\\/www.henson.fr\\\/our-offers\\\/shop\\\/?lang=en\"},{\"@type\":\"ListItem\",\"position\":3,\"name\":\"Experiential Journeys in Henson Land | From One Shore to the Other\"}]},{\"@type\":\"WebSite\",\"@id\":\"https:\\\/\\\/www.henson.fr\\\/en\\\/#website\",\"url\":\"https:\\\/\\\/www.henson.fr\\\/en\\\/\",\"name\":\"Espaces \u00c9questres Henson\",\"description\":\"Welcome to the Henson Land !\",\"publisher\":{\"@id\":\"https:\\\/\\\/www.henson.fr\\\/en\\\/#organization\"},\"potentialAction\":[{\"@type\":\"SearchAction\",\"target\":{\"@type\":\"EntryPoint\",\"urlTemplate\":\"https:\\\/\\\/www.henson.fr\\\/en\\\/?s={search_term_string}\"},\"query-input\":{\"@type\":\"PropertyValueSpecification\",\"valueRequired\":true,\"valueName\":\"search_term_string\"}}],\"inLanguage\":\"en-US\"},{\"@type\":\"Organization\",\"@id\":\"https:\\\/\\\/www.henson.fr\\\/en\\\/#organization\",\"name\":\"SARL Henson\",\"alternateName\":\"Les Espaces \u00c9questres Henson\",\"url\":\"https:\\\/\\\/www.henson.fr\\\/en\\\/\",\"logo\":{\"@type\":\"ImageObject\",\"inLanguage\":\"en-US\",\"@id\":\"https:\\\/\\\/www.henson.fr\\\/en\\\/#\\\/schema\\\/logo\\\/image\\\/\",\"url\":\"https:\\\/\\\/www.henson.fr\\\/wp-content\\\/uploads\\\/2022\\\/04\\\/logo_ee_henson_facture.jpg\",\"contentUrl\":\"https:\\\/\\\/www.henson.fr\\\/wp-content\\\/uploads\\\/2022\\\/04\\\/logo_ee_henson_facture.jpg\",\"width\":197,\"height\":68,\"caption\":\"SARL Henson\"},\"image\":{\"@id\":\"https:\\\/\\\/www.henson.fr\\\/en\\\/#\\\/schema\\\/logo\\\/image\\\/\"},\"sameAs\":[\"https:\\\/\\\/www.facebook.com\\\/EspacesEquestresHenson\\\/\",\"https:\\\/\\\/x.com\\\/Espace_Henson\",\"https:\\\/\\\/www.instagram.com\\\/eehenson\\\/\",\"https:\\\/\\\/www.youtube.com\\\/channel\\\/UC4uxtyqkOtSWwurCQd2YAZw\"]}]}<\/script>\n<!-- \/ Yoast SEO plugin. -->","yoast_head_json":{"title":"Experiential Journeys in Henson Land | From One Shore to the Other | Espaces \u00c9questres Henson","description":"Experiential journeys in Henson Land - Discover both sides of the Bay of Somme with Henson horses during a journey unlike any other in the world!","robots":{"index":"index","follow":"follow","max-snippet":"max-snippet:-1","max-image-preview":"max-image-preview:large","max-video-preview":"max-video-preview:-1"},"canonical":"https:\/\/www.henson.fr\/en\/product\/experiential-journeys-in-henson-land-from-one-shore-to-another-one\/","og_locale":"en_US","og_type":"article","og_title":"Experiential Journeys in Henson Land | From One Shore to the Other | Espaces \u00c9questres Henson","og_description":"Experiential journeys in Henson Land - Discover both sides of the Bay of Somme with Henson horses during a journey unlike any other in the world!","og_url":"https:\/\/www.henson.fr\/en\/product\/experiential-journeys-in-henson-land-from-one-shore-to-another-one\/","og_site_name":"Espaces \u00c9questres Henson","article_publisher":"https:\/\/www.facebook.com\/EspacesEquestresHenson\/","article_modified_time":"2026-05-11T11:46:34+00:00","og_image":[{"width":1365,"height":2048,"url":"https:\/\/www.henson.fr\/wp-content\/uploads\/2026\/05\/ARC_8124.jpg","type":"image\/jpeg"}],"twitter_card":"summary_large_image","twitter_site":"@Espace_Henson","twitter_misc":{"Est. reading time":"1 minute"},"schema":{"@context":"https:\/\/schema.org","@graph":[{"@type":"WebPage","@id":"https:\/\/www.henson.fr\/en\/product\/experiential-journeys-in-henson-land-from-one-shore-to-another-one\/","url":"https:\/\/www.henson.fr\/en\/product\/experiential-journeys-in-henson-land-from-one-shore-to-another-one\/","name":"Experiential Journeys in Henson Land | From One Shore to the Other | Espaces \u00c9questres Henson","isPartOf":{"@id":"https:\/\/www.henson.fr\/en\/#website"},"primaryImageOfPage":{"@id":"https:\/\/www.henson.fr\/en\/product\/experiential-journeys-in-henson-land-from-one-shore-to-another-one\/#primaryimage"},"image":{"@id":"https:\/\/www.henson.fr\/en\/product\/experiential-journeys-in-henson-land-from-one-shore-to-another-one\/#primaryimage"},"thumbnailUrl":"https:\/\/www.henson.fr\/wp-content\/uploads\/2026\/05\/ARC_8124.jpg","datePublished":"2026-05-07T19:38:07+00:00","dateModified":"2026-05-11T11:46:34+00:00","description":"Experiential journeys in Henson Land - Discover both sides of the Bay of Somme with Henson horses during a journey unlike any other in the world!","breadcrumb":{"@id":"https:\/\/www.henson.fr\/en\/product\/experiential-journeys-in-henson-land-from-one-shore-to-another-one\/#breadcrumb"},"inLanguage":"en-US","potentialAction":[{"@type":"ReadAction","target":["https:\/\/www.henson.fr\/en\/product\/experiential-journeys-in-henson-land-from-one-shore-to-another-one\/"]}]},{"@type":"ImageObject","inLanguage":"en-US","@id":"https:\/\/www.henson.fr\/en\/product\/experiential-journeys-in-henson-land-from-one-shore-to-another-one\/#primaryimage","url":"https:\/\/www.henson.fr\/wp-content\/uploads\/2026\/05\/ARC_8124.jpg","contentUrl":"https:\/\/www.henson.fr\/wp-content\/uploads\/2026\/05\/ARC_8124.jpg","width":1365,"height":2048,"caption":"Experiential Journeys in Henson Land | From One Shore to the Other - \u00a9 Arcantide Agency - Florent Cocquet"},{"@type":"BreadcrumbList","@id":"https:\/\/www.henson.fr\/en\/product\/experiential-journeys-in-henson-land-from-one-shore-to-another-one\/#breadcrumb","itemListElement":[{"@type":"ListItem","position":1,"name":"Accueil","item":"https:\/\/www.henson.fr\/en\/"},{"@type":"ListItem","position":2,"name":"Shop","item":"https:\/\/www.henson.fr\/our-offers\/shop\/?lang=en"},{"@type":"ListItem","position":3,"name":"Experiential Journeys in Henson Land | From One Shore to the Other"}]},{"@type":"WebSite","@id":"https:\/\/www.henson.fr\/en\/#website","url":"https:\/\/www.henson.fr\/en\/","name":"Espaces \u00c9questres Henson","description":"Welcome to the Henson Land !","publisher":{"@id":"https:\/\/www.henson.fr\/en\/#organization"},"potentialAction":[{"@type":"SearchAction","target":{"@type":"EntryPoint","urlTemplate":"https:\/\/www.henson.fr\/en\/?s={search_term_string}"},"query-input":{"@type":"PropertyValueSpecification","valueRequired":true,"valueName":"search_term_string"}}],"inLanguage":"en-US"},{"@type":"Organization","@id":"https:\/\/www.henson.fr\/en\/#organization","name":"SARL Henson","alternateName":"Les Espaces \u00c9questres Henson","url":"https:\/\/www.henson.fr\/en\/","logo":{"@type":"ImageObject","inLanguage":"en-US","@id":"https:\/\/www.henson.fr\/en\/#\/schema\/logo\/image\/","url":"https:\/\/www.henson.fr\/wp-content\/uploads\/2022\/04\/logo_ee_henson_facture.jpg","contentUrl":"https:\/\/www.henson.fr\/wp-content\/uploads\/2022\/04\/logo_ee_henson_facture.jpg","width":197,"height":68,"caption":"SARL Henson"},"image":{"@id":"https:\/\/www.henson.fr\/en\/#\/schema\/logo\/image\/"},"sameAs":["https:\/\/www.facebook.com\/EspacesEquestresHenson\/","https:\/\/x.com\/Espace_Henson","https:\/\/www.instagram.com\/eehenson\/","https:\/\/www.youtube.com\/channel\/UC4uxtyqkOtSWwurCQd2YAZw"]}]}},"jetpack_sharing_enabled":true,"_links":{"self":[{"href":"https:\/\/www.henson.fr\/en\/wp-json\/wp\/v2\/product\/224919","targetHints":{"allow":["GET"]}}],"collection":[{"href":"https:\/\/www.henson.fr\/en\/wp-json\/wp\/v2\/product"}],"about":[{"href":"https:\/\/www.henson.fr\/en\/wp-json\/wp\/v2\/types\/product"}],"replies":[{"embeddable":true,"href":"https:\/\/www.henson.fr\/en\/wp-json\/wp\/v2\/comments?post=224919"}],"wp:featuredmedia":[{"embeddable":true,"href":"https:\/\/www.henson.fr\/en\/wp-json\/wp\/v2\/media\/224382"}],"wp:attachment":[{"href":"https:\/\/www.henson.fr\/en\/wp-json\/wp\/v2\/media?parent=224919"}],"wp:term":[{"taxonomy":"product_brand","embeddable":true,"href":"https:\/\/www.henson.fr\/en\/wp-json\/wp\/v2\/product_brand?post=224919"},{"taxonomy":"product_cat","embeddable":true,"href":"https:\/\/www.henson.fr\/en\/wp-json\/wp\/v2\/product_cat?post=224919"},{"taxonomy":"product_tag","embeddable":true,"href":"https:\/\/www.henson.fr\/en\/wp-json\/wp\/v2\/product_tag?post=224919"},{"taxonomy":"giftcard-category","embeddable":true,"href":"https:\/\/www.henson.fr\/en\/wp-json\/wp\/v2\/giftcard-category?post=224919"}],"curies":[{"name":"wp","href":"https:\/\/api.w.org\/{rel}","templated":true}]}}